{"id":720,"date":"2022-09-30T12:33:23","date_gmt":"2022-09-30T10:33:23","guid":{"rendered":"https:\/\/www.university-press.fau.de\/?post_type=product&#038;p=720"},"modified":"2024-03-22T11:22:26","modified_gmt":"2024-03-22T10:22:26","slug":"978-3-944057-04-0","status":"publish","type":"product","link":"https:\/\/www.university-press.fau.de\/en\/product\/978-3-944057-04-0\/","title":{"rendered":"Menschenrechte"},"content":{"rendered":"<p>1948 verabschiedeten die Vereinten Nationen die \u201eAllgemeine Erkl\u00e4rung der Menschenrechte\u201c. Absicht dieser \u00f6ffentlichen Willensbekundung war es, nach den Erfahrungen des nationalsozialistischen Unrechtstaates und des Zweiten Weltkrieges eine universal g\u00fcltige Norm vorzugeben, gem\u00e4\u00df der es f\u00fcr jedermann angeborene Grundfreiheiten g\u00e4be \u2013 ohne Unterschied von Geschlecht, Rasse, Religion, Sprache oder Nation. In der Konsequenz bekundet auch das Grundgesetz, die \u201eVerfassung der Deutschen\u201c, dass die \u201eunverletzlichen und unver\u00e4u\u00dferlichen Menschenrechte die Grundlage jeder menschlichen Gemeinschaft, des Friedens und der Gerechtigkeit in der Welt\u201c seien (Art. 1 Abs. 2).<\/p>\n<p>Diese oberste Maxime, die aus Vorstellungen der Antike, des biblischen Menschenbildes und der philosophischen Aufkl\u00e4rung entwickelt wurde, steht in der Gegenwart im Mittelpunkt vielf\u00e4ltig gef\u00fchrter Diskurse.<\/p>\n<p>Bei den Erlanger Universit\u00e4tstagen 2012, zum Thema \u201eMenschenrechte\u201c , stellen Wissenschaftler und Wissenschaftlerinnen der Universit\u00e4t Erlangen-N\u00fcrnberg die Errungenschaften der universalen, egalit\u00e4ren und unteilbaren Menschenrechte in diverse Bez\u00fcge, genauer: Sie er\u00f6rtern Fragen der pers\u00f6nlichen, sozialen und justiziellen Menschenrechte \u2013 von der Einwanderungspolitik \u00fcber die Pflichten multinationaler Unternehmen bis zu christlichen Impulsen und zum Recht auf Gesundheit.<\/p>","protected":false},"excerpt":{"rendered":"<p>1948 verabschiedeten die Vereinten Nationen die \u201eAllgemeine Erkl\u00e4rung der Menschenrechte\u201c. Absicht dieser \u00f6ffentlichen Willensbekundung war es, nach den Erfahrungen des nationalsozialistischen Unrechtstaates und des Zweiten Weltkrieges eine universal g\u00fcltige Norm vorzugeben, gem\u00e4\u00df der es f\u00fcr jedermann angeborene Grundfreiheiten g\u00e4be \u2013 ohne Unterschied von Geschlecht, Rasse, Religion, Sprache oder Nation. In der Konsequenz bekundet auch das [&hellip;]<\/p>\n","protected":false},"featured_media":1196,"comment_status":"open","ping_status":"closed","template":"","meta":{"_acf_changed":false},"product_brand":[],"product_cat":[41,43],"product_tag":[],"class_list":{"0":"post-720","1":"product","2":"type-product","3":"status-publish","4":"has-post-thumbnail","6":"product_cat-erlanger-forschungen-reihe-a-geisteswissenschaften","7":"product_cat-erlanger-universitaetstage","8":"has-post-title","9":"has-post-date","10":"has-post-category","11":"has-post-tag","12":"has-post-comment","13":"has-post-author","14":"","16":"first","17":"instock","18":"taxable","19":"shipping-taxable","20":"purchasable","21":"product-type-simple"},"acf":{"autor":"","orcid":"","ror":"","herausgeber":"Karl M\u00f6seneder","orcid_hrsg":"","rorhrsg":"","bearbeiter":"","sonstige_beteiligte_personen":"","untertitel":"","zusatz":"","jahr":"2013","zeitschrift":"","serie":"","serie_name":"Erlanger Universit\u00e4tstage","serie_band":"","serie_jahr":2012,"serie_titel_band":"","vortrage":"","issn":"","isbn":"","isbn13":"978-3-944057-04-0","seiten":"112","sonstiges":"","band":128,"auflage":"","opus":3776,"dspace":"3776","e-isbn_pdf":"","doi":"","epub":"","e-isbn_epub":"","doi_epub":"","html":"","e-isbn_html":"","doi_html":"","e-isbn_reader":"","doi_reader":"","digibib":"","urn":"urn:nbn:de:bvb:29-opus4-37769","supplementary_material":"","sprache":["Deutsch"],"ausgabe":"Softcover","suche":" 9783944057040   ","lizenz":"BY-NC-ND-3","bemerkung":""},"builder_content":"","_links":{"self":[{"href":"https:\/\/www.university-press.fau.de\/en\/wp-json\/wp\/v2\/product\/720","targetHints":{"allow":["GET"]}}],"collection":[{"href":"https:\/\/www.university-press.fau.de\/en\/wp-json\/wp\/v2\/product"}],"about":[{"href":"https:\/\/www.university-press.fau.de\/en\/wp-json\/wp\/v2\/types\/product"}],"replies":[{"embeddable":true,"href":"https:\/\/www.university-press.fau.de\/en\/wp-json\/wp\/v2\/comments?post=720"}],"wp:featuredmedia":[{"embeddable":true,"href":"https:\/\/www.university-press.fau.de\/en\/wp-json\/wp\/v2\/media\/1196"}],"wp:attachment":[{"href":"https:\/\/www.university-press.fau.de\/en\/wp-json\/wp\/v2\/media?parent=720"}],"wp:term":[{"taxonomy":"product_brand","embeddable":true,"href":"https:\/\/www.university-press.fau.de\/en\/wp-json\/wp\/v2\/product_brand?post=720"},{"taxonomy":"product_cat","embeddable":true,"href":"https:\/\/www.university-press.fau.de\/en\/wp-json\/wp\/v2\/product_cat?post=720"},{"taxonomy":"product_tag","embeddable":true,"href":"https:\/\/www.university-press.fau.de\/en\/wp-json\/wp\/v2\/product_tag?post=720"}],"curies":[{"name":"wp","href":"https:\/\/api.w.org\/{rel}","templated":true}]}}