{"id":739,"date":"2022-09-30T13:09:52","date_gmt":"2022-09-30T11:09:52","guid":{"rendered":"https:\/\/www.university-press.fau.de\/?post_type=product&#038;p=739"},"modified":"2023-11-27T14:30:16","modified_gmt":"2023-11-27T13:30:16","slug":"978-3-922135-95-1","status":"publish","type":"product","link":"https:\/\/www.university-press.fau.de\/en\/product\/978-3-922135-95-1\/","title":{"rendered":"Natur"},"content":{"rendered":"","protected":false},"excerpt":{"rendered":"","protected":false},"featured_media":1221,"comment_status":"open","ping_status":"closed","template":"","meta":{"_acf_changed":false},"product_brand":[],"product_cat":[43,44],"product_tag":[37],"class_list":{"0":"post-739","1":"product","2":"type-product","3":"status-publish","4":"has-post-thumbnail","6":"product_cat-erlanger-universitaetstage","7":"product_cat-erlanger-forschungen-reihe-b-naturwissenschaften-und-medizin","8":"product_tag-vergriffen","9":"has-post-title","10":"has-post-date","11":"has-post-category","12":"has-post-tag","13":"has-post-comment","14":"has-post-author","15":"","17":"first","18":"outofstock","19":"taxable","20":"shipping-taxable","21":"purchasable","22":"product-type-simple"},"acf":{"autor":"Wittern-Sterzel, Renate","orcid":"","ror":"","herausgeber":"K\u00f6\u00dfler, Henning","orcid_hrsg":"","rorhrsg":"","bearbeiter":"","sonstige_beteiligte_personen":"","untertitel":"","zusatz":"","jahr":"1994","zeitschrift":"","serie":"","serie_name":"Erlanger Universit\u00e4tstage","serie_band":"","serie_jahr":1992,"serie_titel_band":"","vortrage":["F\u00fcnf Vortr\u00e4ge"],"issn":"","isbn":"3-922135-95-1","isbn13":"978-3-922135-95-1","seiten":"116","sonstiges":"","band":23,"auflage":"","opus":"","dspace":"","e-isbn_pdf":"","doi":"","epub":"","e-isbn_epub":"","doi_epub":"","html":"","e-isbn_html":"","doi_html":"","e-isbn_reader":"","doi_reader":"","digibib":"","urn":"","supplementary_material":"","sprache":["Deutsch"],"ausgabe":"Softcover","suche":"3922135951 9783922135951   ","lizenz":"BY-3","bemerkung":""},"builder_content":"","_links":{"self":[{"href":"https:\/\/www.university-press.fau.de\/en\/wp-json\/wp\/v2\/product\/739","targetHints":{"allow":["GET"]}}],"collection":[{"href":"https:\/\/www.university-press.fau.de\/en\/wp-json\/wp\/v2\/product"}],"about":[{"href":"https:\/\/www.university-press.fau.de\/en\/wp-json\/wp\/v2\/types\/product"}],"replies":[{"embeddable":true,"href":"https:\/\/www.university-press.fau.de\/en\/wp-json\/wp\/v2\/comments?post=739"}],"wp:featuredmedia":[{"embeddable":true,"href":"https:\/\/www.university-press.fau.de\/en\/wp-json\/wp\/v2\/media\/1221"}],"wp:attachment":[{"href":"https:\/\/www.university-press.fau.de\/en\/wp-json\/wp\/v2\/media?parent=739"}],"wp:term":[{"taxonomy":"product_brand","embeddable":true,"href":"https:\/\/www.university-press.fau.de\/en\/wp-json\/wp\/v2\/product_brand?post=739"},{"taxonomy":"product_cat","embeddable":true,"href":"https:\/\/www.university-press.fau.de\/en\/wp-json\/wp\/v2\/product_cat?post=739"},{"taxonomy":"product_tag","embeddable":true,"href":"https:\/\/www.university-press.fau.de\/en\/wp-json\/wp\/v2\/product_tag?post=739"}],"curies":[{"name":"wp","href":"https:\/\/api.w.org\/{rel}","templated":true}]}}