{"id":757,"date":"2022-09-30T13:29:05","date_gmt":"2022-09-30T11:29:05","guid":{"rendered":"https:\/\/www.university-press.fau.de\/?post_type=product&#038;p=757"},"modified":"2025-01-22T14:39:35","modified_gmt":"2025-01-22T13:39:35","slug":"978-3-944057-06-4","status":"publish","type":"product","link":"https:\/\/www.university-press.fau.de\/en\/product\/978-3-944057-06-4\/","title":{"rendered":"Energie und Klima &#8211; Ein Blick in die Zukunft"},"content":{"rendered":"<p><span id=\"abstractFull_12623\" class=\"abstractFull\">Energie, die Basis unseres Lebens, war zusammen mit den daf\u00fcr eingesetzten Ressourcen und dem Klima das Thema eines Symposiums am 8. November 2012 in Erlangen. In Deutschland werden die von der Politik gestellten Fragen zur langfristigen Energieversorgung und zum Klimawandel mit gro\u00dfem Eifer in der \u00d6ffentlichkeit diskutiert, zu denen, entgegen der verbreiteten Meinung, kein wissenschaftlicher Konsens besteht. Folgerichtig durfte sich das Symposium auch nicht anma\u00dfen, festzustellen, was richtig und was falsch sei. Namhafte Fachleute waren gebeten, die wichtigsten, immer wieder vorgebrachten Argumente und politischen Vorgaben auf ihre Vertr\u00e4glichkeit mit den Erkenntnissen der Wissenschaft und dem Stand der Technik zu pr\u00fcfen. <\/span><\/p>\n<p>Die Technische Fakult\u00e4t an der Friedrich-Alexander-Universit\u00e4t Erlangen-N\u00fcrnberg (FAU) und der VDI\/VDE-Arbeitskreis Gesellschaft und Technik (GuT) haben die Initiative ergriffen, die komplexen Zusammenh\u00e4nge dieser Thematik in einem Symposium der \u00d6ffentlichkeit vorzustellen und zu erkl\u00e4ren. Im vorliegenden Band sind f\u00fcnf Vortr\u00e4ge des Symposiums ver\u00f6ffentlicht.<\/p>","protected":false},"excerpt":{"rendered":"<p>Energie, die Basis unseres Lebens, war zusammen mit den daf\u00fcr eingesetzten Ressourcen und dem Klima das Thema eines Symposiums am 8. November 2012 in Erlangen. In Deutschland werden die von der Politik gestellten Fragen zur langfristigen Energieversorgung und zum Klimawandel mit gro\u00dfem Eifer in der \u00d6ffentlichkeit diskutiert, zu denen, entgegen der verbreiteten Meinung, kein wissenschaftlicher [&hellip;]<\/p>\n","protected":false},"featured_media":1231,"comment_status":"open","ping_status":"closed","template":"","meta":{"_acf_changed":false},"product_brand":[],"product_cat":[44],"product_tag":[39],"class_list":{"0":"post-757","1":"product","2":"type-product","3":"status-publish","4":"has-post-thumbnail","6":"product_cat-erlanger-forschungen-reihe-b-naturwissenschaften-und-medizin","7":"product_tag-nur-als-online-publikation","8":"has-post-title","9":"has-post-date","10":"has-post-category","11":"has-post-tag","12":"has-post-comment","13":"has-post-author","14":"","16":"first","17":"outofstock","18":"taxable","19":"shipping-taxable","20":"product-type-simple"},"acf":{"autor":"","orcid":"","ror":"","herausgeber":"Hans Brand \u2026","orcid_hrsg":"","rorhrsg":"","bearbeiter":"","sonstige_beteiligte_personen":"","untertitel":"F\u00fcnf Vortr\u00e4ge aus dem Symposium am 8. November 2012 in Erlangen, gemeinsam veranstaltet von der Friedrich-Alexander-Universit\u00e4t Erlangen-N\u00fcrnberg und dem VDI\/VDE-Arbeitskreis Gesellschaft und Technik in Nordbayern.","zusatz":"","jahr":"2013","zeitschrift":"","serie":"","serie_name":"","serie_band":"","serie_jahr":"","serie_titel_band":"","vortrage":"","issn":"","isbn":"","isbn13":"978-3-944057-06-4","seiten":"157","sonstiges":"Ill., graph. Darst.","band":30,"auflage":"","opus":3718,"dspace":"3718","e-isbn_pdf":"","doi":"","epub":"","e-isbn_epub":"","doi_epub":"","html":"","e-isbn_html":"","doi_html":"","e-isbn_reader":"","doi_reader":"","digibib":"","urn":"https:\/\/nbn-resolving.org\/urn:nbn:de:bvb:29-opus4-37189","supplementary_material":"","sprache":["Deutsch"],"ausgabe":"Softcover","suche":" 9783944057064   ","lizenz":"BY-3","bemerkung":""},"builder_content":"","_links":{"self":[{"href":"https:\/\/www.university-press.fau.de\/en\/wp-json\/wp\/v2\/product\/757","targetHints":{"allow":["GET"]}}],"collection":[{"href":"https:\/\/www.university-press.fau.de\/en\/wp-json\/wp\/v2\/product"}],"about":[{"href":"https:\/\/www.university-press.fau.de\/en\/wp-json\/wp\/v2\/types\/product"}],"replies":[{"embeddable":true,"href":"https:\/\/www.university-press.fau.de\/en\/wp-json\/wp\/v2\/comments?post=757"}],"wp:featuredmedia":[{"embeddable":true,"href":"https:\/\/www.university-press.fau.de\/en\/wp-json\/wp\/v2\/media\/1231"}],"wp:attachment":[{"href":"https:\/\/www.university-press.fau.de\/en\/wp-json\/wp\/v2\/media?parent=757"}],"wp:term":[{"taxonomy":"product_brand","embeddable":true,"href":"https:\/\/www.university-press.fau.de\/en\/wp-json\/wp\/v2\/product_brand?post=757"},{"taxonomy":"product_cat","embeddable":true,"href":"https:\/\/www.university-press.fau.de\/en\/wp-json\/wp\/v2\/product_cat?post=757"},{"taxonomy":"product_tag","embeddable":true,"href":"https:\/\/www.university-press.fau.de\/en\/wp-json\/wp\/v2\/product_tag?post=757"}],"curies":[{"name":"wp","href":"https:\/\/api.w.org\/{rel}","templated":true}]}}