{"id":801,"date":"2022-10-04T10:25:19","date_gmt":"2022-10-04T08:25:19","guid":{"rendered":"https:\/\/www.university-press.fau.de\/?post_type=product&#038;p=801"},"modified":"2023-11-27T15:46:02","modified_gmt":"2023-11-27T14:46:02","slug":"978-3-930357-85-7","status":"publish","type":"product","link":"https:\/\/www.university-press.fau.de\/en\/product\/978-3-930357-85-7\/","title":{"rendered":"Aberkennungen der Doktorw\u00fcrde im &#8222;Dritten Reich&#8220;"},"content":{"rendered":"<p>During the time of National Socialism, more than 160 degree revocation procedures were conducted at Erlangen University. The Faculty of Medicine considered more than 30 cases. Medical doctors, who had legitimately gained their degrees, were stripped of their Ph.Ds, because, in the view of the state, they were esteemed \u201eunworthy of carrying a title conferred by a German university\u201c. The majority of the divestitures were politically motivated.<\/p>","protected":false},"excerpt":{"rendered":"<p>F\u00fcr die Zeit des Nationalsozialismus sind an der Friedrich-Alexander-Universit\u00e4t Erlangen \u00fcber 160 Aberkennungen der Doktorw\u00fcrde zu verzeichnen. Auch die Medizinische Fakult\u00e4t hat in mehr als 30 Verfahren \u00fcber Depromotionen beraten. Rechtm\u00e4\u00dfig erworbene Titel wurden entzogen, weil die ehemals von der Fakult\u00e4t promovierten \u00c4rztinnen und \u00c4rzte aus staatlicher Perspektive \u201eeines deutschen akademischen Grades unw\u00fcrdig\u201c erschienen. Die [&hellip;]<\/p>\n","protected":false},"featured_media":1297,"comment_status":"open","ping_status":"closed","template":"","meta":{"_acf_changed":false},"product_brand":[],"product_cat":[46],"product_tag":[],"class_list":{"0":"post-801","1":"product","2":"type-product","3":"status-publish","4":"has-post-thumbnail","6":"product_cat-erlanger-forschungen-sonderreihe","7":"has-post-title","8":"has-post-date","9":"has-post-category","10":"has-post-tag","11":"has-post-comment","12":"has-post-author","13":"","15":"first","16":"instock","17":"taxable","18":"shipping-taxable","19":"purchasable","20":"product-type-simple"},"acf":{"autor":"Wittern, Renate ; Frewer, Andreas","orcid":"","ror":"","herausgeber":"","orcid_hrsg":"","rorhrsg":"","bearbeiter":"Schottner, Bettina","sonstige_beteiligte_personen":"","untertitel":"Depromotionen an der Medizinischen Fakult\u00e4t der Friedrich-Alexander-Universit\u00e4t Erlangen","zusatz":"","jahr":"2008","zeitschrift":"","serie":"","serie_name":"","serie_band":"","serie_jahr":"","serie_titel_band":"","vortrage":"","issn":"","isbn":"","isbn13":"978-3-930357-85-7","seiten":"283","sonstiges":"","band":12,"auflage":"","opus":1422,"dspace":"1422","e-isbn_pdf":"","doi":"","epub":"","e-isbn_epub":"","doi_epub":"","html":"","e-isbn_html":"","doi_html":"","e-isbn_reader":"","doi_reader":"","digibib":"","urn":"https:\/\/nbn-resolving.org\/urn:nbn:de:bvb:29-opus-20896","supplementary_material":"","sprache":["Deutsch"],"ausgabe":"Softcover","suche":" 9783930357857   ","lizenz":"BY-3","bemerkung":""},"builder_content":"","_links":{"self":[{"href":"https:\/\/www.university-press.fau.de\/en\/wp-json\/wp\/v2\/product\/801","targetHints":{"allow":["GET"]}}],"collection":[{"href":"https:\/\/www.university-press.fau.de\/en\/wp-json\/wp\/v2\/product"}],"about":[{"href":"https:\/\/www.university-press.fau.de\/en\/wp-json\/wp\/v2\/types\/product"}],"replies":[{"embeddable":true,"href":"https:\/\/www.university-press.fau.de\/en\/wp-json\/wp\/v2\/comments?post=801"}],"wp:featuredmedia":[{"embeddable":true,"href":"https:\/\/www.university-press.fau.de\/en\/wp-json\/wp\/v2\/media\/1297"}],"wp:attachment":[{"href":"https:\/\/www.university-press.fau.de\/en\/wp-json\/wp\/v2\/media?parent=801"}],"wp:term":[{"taxonomy":"product_brand","embeddable":true,"href":"https:\/\/www.university-press.fau.de\/en\/wp-json\/wp\/v2\/product_brand?post=801"},{"taxonomy":"product_cat","embeddable":true,"href":"https:\/\/www.university-press.fau.de\/en\/wp-json\/wp\/v2\/product_cat?post=801"},{"taxonomy":"product_tag","embeddable":true,"href":"https:\/\/www.university-press.fau.de\/en\/wp-json\/wp\/v2\/product_tag?post=801"}],"curies":[{"name":"wp","href":"https:\/\/api.w.org\/{rel}","templated":true}]}}