{"id":807,"date":"2022-10-04T10:45:42","date_gmt":"2022-10-04T08:45:42","guid":{"rendered":"https:\/\/www.university-press.fau.de\/?post_type=product&#038;p=807"},"modified":"2023-11-27T15:36:27","modified_gmt":"2023-11-27T14:36:27","slug":"verzeichnis-der-erlanger-promotionen-1743-1885","status":"publish","type":"product","link":"https:\/\/www.university-press.fau.de\/en\/product\/verzeichnis-der-erlanger-promotionen-1743-1885\/","title":{"rendered":"Verzeichnis der Erlanger Promotionen, 1743 -1885"},"content":{"rendered":"<p>The work documents 3581 doctorates earned at Erlangen University from 1743, the founding year, through 1885. From then on theses were listed in a German union list of academic theses. It provides biographical details as well as bibliographical information on the theses and particularities of academic procedure in Germany.<\/p>","protected":false},"excerpt":{"rendered":"<p>The work documents 3581 doctorates earned at Erlangen University from 1743, the founding year, through 1885. From then on theses were listed in a German union list of academic theses. It provides biographical details as well as bibliographical information on the theses and particularities of academic procedure in Germany.<\/p>","protected":false},"featured_media":1299,"comment_status":"open","ping_status":"closed","template":"","meta":{"_acf_changed":false},"product_brand":[],"product_cat":[46],"product_tag":[],"class_list":{"0":"post-807","1":"product","2":"type-product","3":"status-publish","4":"has-post-thumbnail","6":"product_cat-erlanger-forschungen-sonderreihe","7":"has-post-title","8":"has-post-date","9":"has-post-category","10":"has-post-tag","11":"has-post-comment","12":"has-post-author","13":"","15":"first","16":"instock","17":"taxable","18":"shipping-taxable","19":"purchasable","20":"product-type-simple"},"acf":{"autor":"","orcid":"","ror":"","herausgeber":"Universit\u00e4tsbibliothek Erlangen-N\u00fcrnberg","orcid_hrsg":"","rorhrsg":"","bearbeiter":"","sonstige_beteiligte_personen":"K\u00f6tter, Monika ; Schug, Ellen ; Poll, Roswitha (Redaktion)","untertitel":"Erstellt von einer Arbeitsgruppe mit Monika K\u00f6tter und Ellen Schug unter der redaktionellen Leitung von Roswitha Poll","zusatz":"Teil 1: Theologische Fakult\u00e4t, Juristische Fakult\u00e4t, Philosophische Fakult\u00e4t.<br \/> ISBN 13: 978-3-941871-00-7<br \/> Teil 2: Medizinische Fakult\u00e4t. <br \/>ISBN 13: 978-3-941871-01-4","jahr":"2009","zeitschrift":"","serie":"","serie_name":"","serie_band":"","serie_jahr":"","serie_titel_band":"","vortrage":"","issn":"","isbn":"","isbn13":"","seiten":"XLI, 947 ","sonstiges":"","band":14,"auflage":"","opus":1330,"dspace":"1330","e-isbn_pdf":"","doi":"","epub":"","e-isbn_epub":"","doi_epub":"","html":"","e-isbn_html":"","doi_html":"","e-isbn_reader":"","doi_reader":"","digibib":"","urn":"urn:nbn:de:bvb:29-opus-19596","supplementary_material":"","sprache":["Deutsch"],"ausgabe":"Softcover","suche":"    ","lizenz":"ohne Angabe","bemerkung":""},"builder_content":"","_links":{"self":[{"href":"https:\/\/www.university-press.fau.de\/en\/wp-json\/wp\/v2\/product\/807","targetHints":{"allow":["GET"]}}],"collection":[{"href":"https:\/\/www.university-press.fau.de\/en\/wp-json\/wp\/v2\/product"}],"about":[{"href":"https:\/\/www.university-press.fau.de\/en\/wp-json\/wp\/v2\/types\/product"}],"replies":[{"embeddable":true,"href":"https:\/\/www.university-press.fau.de\/en\/wp-json\/wp\/v2\/comments?post=807"}],"wp:featuredmedia":[{"embeddable":true,"href":"https:\/\/www.university-press.fau.de\/en\/wp-json\/wp\/v2\/media\/1299"}],"wp:attachment":[{"href":"https:\/\/www.university-press.fau.de\/en\/wp-json\/wp\/v2\/media?parent=807"}],"wp:term":[{"taxonomy":"product_brand","embeddable":true,"href":"https:\/\/www.university-press.fau.de\/en\/wp-json\/wp\/v2\/product_brand?post=807"},{"taxonomy":"product_cat","embeddable":true,"href":"https:\/\/www.university-press.fau.de\/en\/wp-json\/wp\/v2\/product_cat?post=807"},{"taxonomy":"product_tag","embeddable":true,"href":"https:\/\/www.university-press.fau.de\/en\/wp-json\/wp\/v2\/product_tag?post=807"}],"curies":[{"name":"wp","href":"https:\/\/api.w.org\/{rel}","templated":true}]}}