{"id":810,"date":"2022-10-04T10:52:50","date_gmt":"2022-10-04T08:52:50","guid":{"rendered":"https:\/\/www.university-press.fau.de\/?post_type=product&#038;p=810"},"modified":"2024-01-18T08:47:28","modified_gmt":"2024-01-18T07:47:28","slug":"978-3-930357-99-4","status":"publish","type":"product","link":"https:\/\/www.university-press.fau.de\/en\/product\/978-3-930357-99-4\/","title":{"rendered":"Die Aberkennung von Doktorgraden an der Juristischen Fakult\u00e4t der Universit\u00e4t Erlangen im Nationalsozialismus"},"content":{"rendered":"<p>Mit der vorliegenden Dokumentation sind die F\u00e4lle der Aberkennung von Doktorgraden in der Zeit des \u201eDritten Reichs\u201c an der Friedrich-Alexander-Universit\u00e4t Erlangen-N\u00fcrnberg weitestgehend abgeschlossen. Auf die systematische Aufarbeitung der F\u00e4lle der Philosophischen Fakult\u00e4ten und der Medizinischen Fakult\u00e4t folgt nun die ehemals Juristische Fakult\u00e4t, heute Rechts- und Wirtschaftswissenschaftliche Fakult\u00e4t, f\u00fcr die Depromotionen aus der Bereich der Jura.<\/p>\n<p>Den meisten, n\u00e4mlich 79 der 101 Aberkennungsf\u00e4lle an der Juristischen Fakult\u00e4t lagen politische oder rasseideologische Motive zugrunde. Die restlichen 22 Depromotionen erfolgten infolge einer strafgerichtlichen Verurteilung. Im Zuge der Aufarbeitung der Aberkennungsf\u00e4lle wurde in jedem Einzelfall versucht, die Gr\u00fcnde f\u00fcr die gerichtliche Verurteilung zu ermitteln. In einigen F\u00e4llen zeigt sich, dass die Verurteilung auf Straftatbest\u00e4nden beruhte, die entweder erst in der NS-Zeit geschaffen worden waren und der Verfolgung politisch oder rasseideologisch Missliebiger dienten.<\/p>\n<p>Die Aberkennungsf\u00e4lle in der NS-Zeit haben eine individuelle biographische Dimension, insofern hinter jedem Fall ein besonderes Einzelschicksal steht. Sie haben aber auch eine strukturgeschichtliche Dimension als Anschauungsf\u00e4lle f\u00fcr das dicht gekn\u00fcpfte Netz der scheinbar legalen Verfolgungsmittel in der NS-Zeit.<\/p>","protected":false},"excerpt":{"rendered":"<p>Mit der vorliegenden Dokumentation sind die F\u00e4lle der Aberkennung von Doktorgraden in der Zeit des \u201eDritten Reichs\u201c an der Friedrich-Alexander-Universit\u00e4t Erlangen-N\u00fcrnberg weitestgehend abgeschlossen. Auf die systematische Aufarbeitung der F\u00e4lle der Philosophischen Fakult\u00e4ten und der Medizinischen Fakult\u00e4t folgt nun die ehemals Juristische Fakult\u00e4t, heute Rechts- und Wirtschaftswissenschaftliche Fakult\u00e4t, f\u00fcr die Depromotionen aus der Bereich der Jura. [&hellip;]<\/p>\n","protected":false},"featured_media":1300,"comment_status":"open","ping_status":"closed","template":"","meta":{"_acf_changed":false},"product_brand":[],"product_cat":[46],"product_tag":[],"class_list":{"0":"post-810","1":"product","2":"type-product","3":"status-publish","4":"has-post-thumbnail","6":"product_cat-erlanger-forschungen-sonderreihe","7":"has-post-title","8":"has-post-date","9":"has-post-category","10":"has-post-tag","11":"has-post-comment","12":"has-post-author","13":"","15":"first","16":"instock","17":"taxable","18":"shipping-taxable","19":"purchasable","20":"product-type-simple"},"acf":{"autor":"Mertens, Bernd ; Feketitsch-Weber, Margareta","orcid":"","ror":"","herausgeber":"","orcid_hrsg":"","rorhrsg":"","bearbeiter":"","sonstige_beteiligte_personen":"","untertitel":"","zusatz":"","jahr":"2010","zeitschrift":"","serie":"","serie_name":"","serie_band":"","serie_jahr":"","serie_titel_band":"","vortrage":"","issn":"","isbn":"","isbn13":"978-3-930357-99-4","seiten":"105","sonstiges":"","band":15,"auflage":"","opus":4125,"dspace":"4125","e-isbn_pdf":"","doi":"","epub":"","e-isbn_epub":"","doi_epub":"","html":"","e-isbn_html":"","doi_html":"","e-isbn_reader":"","doi_reader":"","digibib":"","urn":"https:\/\/nbn-resolving.org\/urn:nbn:de:bvb:29-opus4-41257","supplementary_material":"","sprache":["Deutsch"],"ausgabe":"Softcover","suche":" 9783930357994   ","lizenz":"BY-NC-3","bemerkung":""},"builder_content":"","_links":{"self":[{"href":"https:\/\/www.university-press.fau.de\/en\/wp-json\/wp\/v2\/product\/810","targetHints":{"allow":["GET"]}}],"collection":[{"href":"https:\/\/www.university-press.fau.de\/en\/wp-json\/wp\/v2\/product"}],"about":[{"href":"https:\/\/www.university-press.fau.de\/en\/wp-json\/wp\/v2\/types\/product"}],"replies":[{"embeddable":true,"href":"https:\/\/www.university-press.fau.de\/en\/wp-json\/wp\/v2\/comments?post=810"}],"wp:featuredmedia":[{"embeddable":true,"href":"https:\/\/www.university-press.fau.de\/en\/wp-json\/wp\/v2\/media\/1300"}],"wp:attachment":[{"href":"https:\/\/www.university-press.fau.de\/en\/wp-json\/wp\/v2\/media?parent=810"}],"wp:term":[{"taxonomy":"product_brand","embeddable":true,"href":"https:\/\/www.university-press.fau.de\/en\/wp-json\/wp\/v2\/product_brand?post=810"},{"taxonomy":"product_cat","embeddable":true,"href":"https:\/\/www.university-press.fau.de\/en\/wp-json\/wp\/v2\/product_cat?post=810"},{"taxonomy":"product_tag","embeddable":true,"href":"https:\/\/www.university-press.fau.de\/en\/wp-json\/wp\/v2\/product_tag?post=810"}],"curies":[{"name":"wp","href":"https:\/\/api.w.org\/{rel}","templated":true}]}}