{"id":824,"date":"2022-10-04T12:09:53","date_gmt":"2022-10-04T10:09:53","guid":{"rendered":"https:\/\/www.university-press.fau.de\/?post_type=product&#038;p=824"},"modified":"2023-11-24T11:26:03","modified_gmt":"2023-11-24T10:26:03","slug":"978-3-96147-254-3","status":"publish","type":"product","link":"https:\/\/www.university-press.fau.de\/en\/product\/978-3-96147-254-3\/","title":{"rendered":"Valuing Local Ownership"},"content":{"rendered":"<p>With the Global Compact on Refugees, the International Community seeks to highlight the importance of multi-stakeholder approaches in the search for sustainable solutions to displacement. However, when it comes to planning and implementing durable solutions, two of the main actors are often absent or even excluded from decision-making \u2013 these are refugees and hosting municipalities. The two papers in this publication highlight central bottlenecks for participatory approaches in both resettlement schemes as well as camp accommodation. Based on an analysis of existing good practice and new policy approaches, the first paper develops an innovative proposal for a Municipal Resettlement Programme while the second paper critically discusses potentials and risks of adapting special zones concepts to displacement contexts. Together, both papers are a call for action to actively engage refugees and communities so as to find answers to the question of \u201cwho could thrive where?\u201dzeige weniger<\/p>","protected":false},"excerpt":{"rendered":"<p>Mit der Verabschiedung des Globalen Pakts f\u00fcr Fl\u00fcchtlinge hebt die internationale Gemeinschaft hervor, dass die Zusammenarbeit einer Vielzahl an Akteuren \u00fcber unterschiedliche Governance-Ebenen hinweg essenziell ist, um nachhaltige L\u00f6sungen f\u00fcr Flucht und Vertreibung zu finden. Nichtsdestotrotz sind zwei zentrale Akteure h\u00e4ufig von Entscheidungsprozessen ausgeschlossen, die sich um die Planung und Implementierung dauerhafter L\u00f6sungen drehen: Gefl\u00fcchtete [&hellip;]<\/p>\n","protected":false},"featured_media":1307,"comment_status":"open","ping_status":"closed","template":"","meta":{"_acf_changed":false},"product_brand":[],"product_cat":[47],"product_tag":[],"class_list":{"0":"post-824","1":"product","2":"type-product","3":"status-publish","4":"has-post-thumbnail","6":"product_cat-erlanger-migrations-und-integrationsstudien","7":"has-post-title","8":"has-post-date","9":"has-post-category","10":"has-post-tag","11":"has-post-comment","12":"has-post-author","13":"","15":"first","16":"instock","17":"taxable","18":"shipping-taxable","19":"purchasable","20":"product-type-simple"},"acf":{"autor":"St\u00fcrner, Janina ; Bendel Petra","orcid":"","ror":"","herausgeber":"","orcid_hrsg":"","rorhrsg":"","bearbeiter":"","sonstige_beteiligte_personen":"","untertitel":"Refugees and Municipalities as Actors in the Search for Sustainable Solutions to Displacement","zusatz":"","jahr":"2019","zeitschrift":"","serie":"","serie_name":"","serie_band":"","serie_jahr":"","serie_titel_band":"","vortrage":"","issn":"","isbn":"","isbn13":"978-3-96147-254-3","seiten":"v, 87","sonstiges":"","band":6,"auflage":"","opus":"","dspace":"12322","e-isbn_pdf":"978-3-96147-255-0","doi":"https:\/\/doi.org\/10.25593\/978-3-96147-255-0","epub":"","e-isbn_epub":"","doi_epub":"","html":"","e-isbn_html":"","doi_html":"","e-isbn_reader":"","doi_reader":"","digibib":"","urn":"urn:nbn:de:bvb:29-opus4-123220","supplementary_material":"","sprache":["Englisch"],"ausgabe":"Softcover","suche":" 9783961472543 9783961472550  ","lizenz":"BY-4","bemerkung":""},"builder_content":"","_links":{"self":[{"href":"https:\/\/www.university-press.fau.de\/en\/wp-json\/wp\/v2\/product\/824","targetHints":{"allow":["GET"]}}],"collection":[{"href":"https:\/\/www.university-press.fau.de\/en\/wp-json\/wp\/v2\/product"}],"about":[{"href":"https:\/\/www.university-press.fau.de\/en\/wp-json\/wp\/v2\/types\/product"}],"replies":[{"embeddable":true,"href":"https:\/\/www.university-press.fau.de\/en\/wp-json\/wp\/v2\/comments?post=824"}],"wp:featuredmedia":[{"embeddable":true,"href":"https:\/\/www.university-press.fau.de\/en\/wp-json\/wp\/v2\/media\/1307"}],"wp:attachment":[{"href":"https:\/\/www.university-press.fau.de\/en\/wp-json\/wp\/v2\/media?parent=824"}],"wp:term":[{"taxonomy":"product_brand","embeddable":true,"href":"https:\/\/www.university-press.fau.de\/en\/wp-json\/wp\/v2\/product_brand?post=824"},{"taxonomy":"product_cat","embeddable":true,"href":"https:\/\/www.university-press.fau.de\/en\/wp-json\/wp\/v2\/product_cat?post=824"},{"taxonomy":"product_tag","embeddable":true,"href":"https:\/\/www.university-press.fau.de\/en\/wp-json\/wp\/v2\/product_tag?post=824"}],"curies":[{"name":"wp","href":"https:\/\/api.w.org\/{rel}","templated":true}]}}