{"id":828,"date":"2022-10-04T12:20:52","date_gmt":"2022-10-04T10:20:52","guid":{"rendered":"https:\/\/www.university-press.fau.de\/?post_type=product&#038;p=828"},"modified":"2023-11-24T11:17:36","modified_gmt":"2023-11-24T10:17:36","slug":"978-3-96147-469-1","status":"publish","type":"product","link":"https:\/\/www.university-press.fau.de\/en\/product\/978-3-96147-469-1\/","title":{"rendered":"Onward (Im)Mobilities and Integration Processes of Refugee Newcomers in Rural Bavaria, Germany"},"content":{"rendered":"<p>Deutschland wurde in den letzten zehn Jahren zum zahlenm\u00e4\u00dfig bedeutendsten Aufnahmeland f\u00fcr Gefl\u00fcchtete in Europa. Aufgrund einer Verteilungspolitik und einer Wohnsitzregelung m\u00fcssen Asylbewerber:innen und anerkannte und umgesiedelte Fl\u00fcchtlinge aber zunehmend auch als ein l\u00e4ndliches Ph\u00e4nomen betrachtet werden. Vor diesem Hintergrund zielte die Studie darauf ab, die Weiterwanderungen, (Im)Mobilit\u00e4ten und Integrationsprozesse dieser &#8222;gefl\u00fcchteten Neuzugewanderten&#8220; besser zu verstehen, wobei der Fokus auf l\u00e4ndlichen Besonderheiten in Bezug auf Ansiedlung und Integration lag. Basierend auf einem interdisziplin\u00e4ren multimethodischen Ansatz und einer Fallstudie im l\u00e4ndlichen Bayern, Deutschland, wurden im Rahmen einer kumulativen Dissertation drei Aspekte analysiert: Erstens die diskursive Rahmung von Ansiedlungsprozessen von Gefl\u00fcchteten in l\u00e4ndlichen R\u00e4umen; zweitens die Wohn- und Alltags(im)mobilit\u00e4ten von gefl\u00fcchteten Neuzugewanderten in diesen Regionen; und drittens die Charakteristika von Mechanismen der sozialr\u00e4umlichen Exklusion und Inklusion von Gefl\u00fcchteten in Bezug auf Alltagsmobilit\u00e4t und Zugang zu l\u00e4ndlichem Wohnraum.<\/p>","protected":false},"excerpt":{"rendered":"<p>Deutschland wurde in den letzten zehn Jahren zum zahlenm\u00e4\u00dfig bedeutendsten Aufnahmeland f\u00fcr Gefl\u00fcchtete in Europa. Aufgrund einer Verteilungspolitik und einer Wohnsitzregelung m\u00fcssen Asylbewerber:innen und anerkannte und umgesiedelte Fl\u00fcchtlinge aber zunehmend auch als ein l\u00e4ndliches Ph\u00e4nomen betrachtet werden. Vor diesem Hintergrund zielte die Studie darauf ab, die Weiterwanderungen, (Im)Mobilit\u00e4ten und Integrationsprozesse dieser &#8222;gefl\u00fcchteten Neuzugewanderten&#8220; besser zu [&hellip;]<\/p>\n","protected":false},"featured_media":1311,"comment_status":"open","ping_status":"closed","template":"","meta":{"_acf_changed":false},"product_brand":[],"product_cat":[47],"product_tag":[],"class_list":{"0":"post-828","1":"product","2":"type-product","3":"status-publish","4":"has-post-thumbnail","6":"product_cat-erlanger-migrations-und-integrationsstudien","7":"has-post-title","8":"has-post-date","9":"has-post-category","10":"has-post-tag","11":"has-post-comment","12":"has-post-author","13":"","15":"first","16":"instock","17":"taxable","18":"shipping-taxable","19":"purchasable","20":"product-type-simple"},"acf":{"autor":"Weidinger, Tobias","orcid":"0000-0003-1411-2268","ror":"","herausgeber":"","orcid_hrsg":"","rorhrsg":"","bearbeiter":"","sonstige_beteiligte_personen":"","untertitel":"","zusatz":"","jahr":"2021","zeitschrift":"","serie":"","serie_name":"","serie_band":"","serie_jahr":"","serie_titel_band":"","vortrage":"","issn":"","isbn":"","isbn13":"978-3-96147-469-1","seiten":"xxxiii, 262","sonstiges":"","band":8,"auflage":"","opus":"","dspace":"17844","e-isbn_pdf":"978-3-96147-470-7 ","doi":"https:\/\/doi.org\/10.25593\/978-3-96147-470-7","epub":"","e-isbn_epub":"","doi_epub":"","html":"","e-isbn_html":"","doi_html":"","e-isbn_reader":"","doi_reader":"","digibib":"","urn":"urn:nbn:de:bvb:29-opus4-178445","supplementary_material":"","sprache":["Englisch"],"ausgabe":"Softcover","suche":" 9783961474691 9783961474707   ","lizenz":"BY-4","bemerkung":""},"builder_content":"","_links":{"self":[{"href":"https:\/\/www.university-press.fau.de\/en\/wp-json\/wp\/v2\/product\/828","targetHints":{"allow":["GET"]}}],"collection":[{"href":"https:\/\/www.university-press.fau.de\/en\/wp-json\/wp\/v2\/product"}],"about":[{"href":"https:\/\/www.university-press.fau.de\/en\/wp-json\/wp\/v2\/types\/product"}],"replies":[{"embeddable":true,"href":"https:\/\/www.university-press.fau.de\/en\/wp-json\/wp\/v2\/comments?post=828"}],"wp:featuredmedia":[{"embeddable":true,"href":"https:\/\/www.university-press.fau.de\/en\/wp-json\/wp\/v2\/media\/1311"}],"wp:attachment":[{"href":"https:\/\/www.university-press.fau.de\/en\/wp-json\/wp\/v2\/media?parent=828"}],"wp:term":[{"taxonomy":"product_brand","embeddable":true,"href":"https:\/\/www.university-press.fau.de\/en\/wp-json\/wp\/v2\/product_brand?post=828"},{"taxonomy":"product_cat","embeddable":true,"href":"https:\/\/www.university-press.fau.de\/en\/wp-json\/wp\/v2\/product_cat?post=828"},{"taxonomy":"product_tag","embeddable":true,"href":"https:\/\/www.university-press.fau.de\/en\/wp-json\/wp\/v2\/product_tag?post=828"}],"curies":[{"name":"wp","href":"https:\/\/api.w.org\/{rel}","templated":true}]}}