{"id":830,"date":"2022-10-04T12:30:08","date_gmt":"2022-10-04T10:30:08","guid":{"rendered":"https:\/\/www.university-press.fau.de\/?post_type=product&#038;p=830"},"modified":"2023-12-13T11:33:58","modified_gmt":"2023-12-13T10:33:58","slug":"978-3-944057-17-0","status":"publish","type":"product","link":"https:\/\/www.university-press.fau.de\/en\/product\/978-3-944057-17-0\/","title":{"rendered":"Europa zu Beginn des 21. Jahrhunderts"},"content":{"rendered":"<p><span id=\"abstractFull_15469\" class=\"abstractFull\">Die 32. Atzelsberger Gespr\u00e4che der Dr. Alfred-Vinzl-Stiftung an der Friedrich-Alexander-Universit\u00e4t Erlangen-N\u00fcrnberg besch\u00e4ftigten sich mit \u201eEuropa zu Beginn des 21. Jahrhunderts\u201c, einem der wichtigen Themen der gegenw\u00e4rtigen Politik, dessen Vielschichtigkeit und gro\u00dfe Differenziertheit seit Jahren die \u00f6ffentliche und wissenschaftliche Debatte bestimmen. Im vorliegenden Band kommen die am 11. Juli 2013 auf Schlo\u00df Atzelsberg bei Erlangen gehaltenen Vortr\u00e4ge eines deutschen Historikers, eines \u00f6sterreichischen Wirtschaftswissenschaftlers, eines Schweizer Europa- und Wirtschaftsv\u00f6lkerrechtlers und eines deutschen Staats- und Europarechtlers in erweiterter Fassung zum Abdruck. Sie zeigen \u201eProbleme und Perspektiven einer Europ\u00e4ischen Geschichte\u201c auf, thematisieren \u201eEuropa als Wirtschaftsraum in der Globalisierung\u201c sowie \u201eEuropa als Rechtsraum\u201c unter den Aspekten von \u201eDominanz und Zerbrechlichkeit\u201c und nehmen von der Schweiz aus die vielen Europas der Gegenwart in den Blick: \u201eDie Schweiz und Europa: Herausforderungen im Vierten Kreis der Integration\u201c.<\/span><\/p>","protected":false},"excerpt":{"rendered":"<p>Die 32. Atzelsberger Gespr\u00e4che der Dr. Alfred-Vinzl-Stiftung an der Friedrich-Alexander-Universit\u00e4t Erlangen-N\u00fcrnberg besch\u00e4ftigten sich mit \u201eEuropa zu Beginn des 21. Jahrhunderts\u201c, einem der wichtigen Themen der gegenw\u00e4rtigen Politik, dessen Vielschichtigkeit und gro\u00dfe Differenziertheit seit Jahren die \u00f6ffentliche und wissenschaftliche Debatte bestimmen. Im vorliegenden Band kommen die am 11. Juli 2013 auf Schlo\u00df Atzelsberg bei Erlangen gehaltenen [&hellip;]<\/p>\n","protected":false},"featured_media":1272,"comment_status":"open","ping_status":"closed","template":"","meta":{"_acf_changed":false},"product_brand":[],"product_cat":[42,48],"product_tag":[],"class_list":{"0":"post-830","1":"product","2":"type-product","3":"status-publish","4":"has-post-thumbnail","6":"product_cat-atzelsberger-gespraeche","7":"product_cat-fau-forschungen-reihe-a-geisteswissenschaften","8":"has-post-title","9":"has-post-date","10":"has-post-category","11":"has-post-tag","12":"has-post-comment","13":"has-post-author","14":"","16":"first","17":"instock","18":"taxable","19":"shipping-taxable","20":"purchasable","21":"product-type-simple"},"acf":{"autor":"","orcid":"","ror":"","herausgeber":"Neuhaus, Helmut","orcid_hrsg":"","rorhrsg":"","bearbeiter":"","sonstige_beteiligte_personen":"","untertitel":"","zusatz":"","jahr":"2014","zeitschrift":"","serie":["ja"],"serie_name":"Atzelsberger Gespr\u00e4che","serie_band":"","serie_jahr":2013,"serie_titel_band":"","vortrage":"","issn":"","isbn":"","isbn13":"978-3-944057-17-0","seiten":"184","sonstiges":"graph. Darst.","band":1,"auflage":"","opus":"","dspace":"4823","e-isbn_pdf":"","doi":"","epub":"","e-isbn_epub":"","doi_epub":"","html":"","e-isbn_html":"","doi_html":"","e-isbn_reader":"","doi_reader":"","digibib":"","urn":"urn:nbn:de:bvb:29-opus4-48234","supplementary_material":"","sprache":["Deutsch"],"ausgabe":"Softcover","suche":" 9783944057170   ","lizenz":"BY-NC-ND-3","bemerkung":""},"builder_content":"","_links":{"self":[{"href":"https:\/\/www.university-press.fau.de\/en\/wp-json\/wp\/v2\/product\/830","targetHints":{"allow":["GET"]}}],"collection":[{"href":"https:\/\/www.university-press.fau.de\/en\/wp-json\/wp\/v2\/product"}],"about":[{"href":"https:\/\/www.university-press.fau.de\/en\/wp-json\/wp\/v2\/types\/product"}],"replies":[{"embeddable":true,"href":"https:\/\/www.university-press.fau.de\/en\/wp-json\/wp\/v2\/comments?post=830"}],"wp:featuredmedia":[{"embeddable":true,"href":"https:\/\/www.university-press.fau.de\/en\/wp-json\/wp\/v2\/media\/1272"}],"wp:attachment":[{"href":"https:\/\/www.university-press.fau.de\/en\/wp-json\/wp\/v2\/media?parent=830"}],"wp:term":[{"taxonomy":"product_brand","embeddable":true,"href":"https:\/\/www.university-press.fau.de\/en\/wp-json\/wp\/v2\/product_brand?post=830"},{"taxonomy":"product_cat","embeddable":true,"href":"https:\/\/www.university-press.fau.de\/en\/wp-json\/wp\/v2\/product_cat?post=830"},{"taxonomy":"product_tag","embeddable":true,"href":"https:\/\/www.university-press.fau.de\/en\/wp-json\/wp\/v2\/product_tag?post=830"}],"curies":[{"name":"wp","href":"https:\/\/api.w.org\/{rel}","templated":true}]}}