{"id":832,"date":"2022-10-04T13:04:08","date_gmt":"2022-10-04T11:04:08","guid":{"rendered":"https:\/\/www.university-press.fau.de\/?post_type=product&#038;p=832"},"modified":"2025-07-08T09:59:44","modified_gmt":"2025-07-08T07:59:44","slug":"978-3-944057-19-4","status":"publish","type":"product","link":"https:\/\/www.university-press.fau.de\/en\/product\/978-3-944057-19-4\/","title":{"rendered":"Weltbilder im Wandel"},"content":{"rendered":"<p>Weltbilder sind Vorstellungen vom Ganzen der Wirklichkeit. Sie \u00e4ndern sich mit dem Fortgang der Kulturgeschichte. So etwa in der Fr\u00fchen Neuzeit, als das geozentrische Weltbild mit der Kopernikanischen Wende durch das heliozentrische abgel\u00f6st wurde und die Erde nicht mehr den Mittelpunkt der Sternenwelt ausmachte. Die epochale Wende, die Martin Luther initiierte, gr\u00fcndete in kirchenkritischen und letztlich theologischen Gedanken. Sie fanden durch den Buchdruck rasch weite Verbreitung und f\u00fchrten zu politischen sowie geistes- und mentalit\u00e4tsgeschichtlichen Ver\u00e4nderungen. Auf dem Feld der Philosophie war es Immanuel Kant, der den modernen Wissenschaften den Weg bereitete und Grundlagen f\u00fcr ethisch-moralische Reflexionen lieferte. Epochal nicht allein auf dem Feld der Biologie wirkte die Entdeckung von Charles Darwin, dass die Natur eine unendlich lange Geschichte hat, die sich als Evolution vom Einfachen zum Komplexen, vom Niederen zum H\u00f6heren entwickelt. Anfang des 20. Jahrhunderts wies Marcel Duchamp der Bildenden Kunst eine neue Bahn, als er Gegenst\u00e4nde des Alltags, etwa einen Flaschentrockner, f\u00fcr museumsw\u00fcrdig erachtete und das Ready Made erfand. Der Band enth\u00e4lt die auf den Erlanger Universit\u00e4tstagen in Amberg und Ansbach gehaltenen Vortr\u00e4ge.<\/p>","protected":false},"excerpt":{"rendered":"<p>Weltbilder sind Vorstellungen vom Ganzen der Wirklichkeit. Sie \u00e4ndern sich mit dem Fortgang der Kulturgeschichte. So etwa in der Fr\u00fchen Neuzeit, als das geozentrische Weltbild mit der Kopernikanischen Wende durch das heliozentrische abgel\u00f6st wurde und die Erde nicht mehr den Mittelpunkt der Sternenwelt ausmachte. Die epochale Wende, die Martin Luther initiierte, gr\u00fcndete in kirchenkritischen und [&hellip;]<\/p>\n","protected":false},"featured_media":1314,"comment_status":"open","ping_status":"closed","template":"","meta":{"_acf_changed":false},"product_brand":[],"product_cat":[43,48],"product_tag":[],"class_list":{"0":"post-832","1":"product","2":"type-product","3":"status-publish","4":"has-post-thumbnail","6":"product_cat-erlanger-universitaetstage","7":"product_cat-fau-forschungen-reihe-a-geisteswissenschaften","8":"has-post-title","9":"has-post-date","10":"has-post-category","11":"has-post-tag","12":"has-post-comment","13":"has-post-author","14":"","16":"first","17":"instock","18":"taxable","19":"shipping-taxable","20":"purchasable","21":"product-type-simple"},"acf":{"autor":"","orcid":"","ror":"","herausgeber":"M\u00f6seneder, Karl","orcid_hrsg":"","rorhrsg":"","bearbeiter":"","sonstige_beteiligte_personen":"","untertitel":"","zusatz":"","jahr":"2014","zeitschrift":"","serie":["ja"],"serie_name":"Erlanger Universit\u00e4tstage","serie_band":"","serie_jahr":2013,"serie_titel_band":"","vortrage":["F\u00fcnf Vortr\u00e4ge"],"issn":"","isbn":"","isbn13":"978-3-944057-19-4","seiten":"128","sonstiges":"Illustrationen, Diagramme","band":2,"auflage":"","opus":"","dspace":"5103","e-isbn_pdf":"","doi":"","epub":"","e-isbn_epub":"","doi_epub":"","html":"","e-isbn_html":"","doi_html":"","e-isbn_reader":"","doi_reader":"","digibib":"","urn":"urn:nbn:de:bvb:29-opus4-51038","supplementary_material":"","sprache":["Deutsch"],"ausgabe":"Softcover","suche":" 9783944057194   ","lizenz":"BY-NC-ND-3","bemerkung":""},"builder_content":"","_links":{"self":[{"href":"https:\/\/www.university-press.fau.de\/en\/wp-json\/wp\/v2\/product\/832","targetHints":{"allow":["GET"]}}],"collection":[{"href":"https:\/\/www.university-press.fau.de\/en\/wp-json\/wp\/v2\/product"}],"about":[{"href":"https:\/\/www.university-press.fau.de\/en\/wp-json\/wp\/v2\/types\/product"}],"replies":[{"embeddable":true,"href":"https:\/\/www.university-press.fau.de\/en\/wp-json\/wp\/v2\/comments?post=832"}],"wp:featuredmedia":[{"embeddable":true,"href":"https:\/\/www.university-press.fau.de\/en\/wp-json\/wp\/v2\/media\/1314"}],"wp:attachment":[{"href":"https:\/\/www.university-press.fau.de\/en\/wp-json\/wp\/v2\/media?parent=832"}],"wp:term":[{"taxonomy":"product_brand","embeddable":true,"href":"https:\/\/www.university-press.fau.de\/en\/wp-json\/wp\/v2\/product_brand?post=832"},{"taxonomy":"product_cat","embeddable":true,"href":"https:\/\/www.university-press.fau.de\/en\/wp-json\/wp\/v2\/product_cat?post=832"},{"taxonomy":"product_tag","embeddable":true,"href":"https:\/\/www.university-press.fau.de\/en\/wp-json\/wp\/v2\/product_tag?post=832"}],"curies":[{"name":"wp","href":"https:\/\/api.w.org\/{rel}","templated":true}]}}