{"id":839,"date":"2022-10-04T13:13:53","date_gmt":"2022-10-04T11:13:53","guid":{"rendered":"https:\/\/www.university-press.fau.de\/?post_type=product&#038;p=839"},"modified":"2025-07-08T10:12:14","modified_gmt":"2025-07-08T08:12:14","slug":"978-3-944057-53-8","status":"publish","type":"product","link":"https:\/\/www.university-press.fau.de\/en\/product\/978-3-944057-53-8\/","title":{"rendered":"Die Idee der Person als r\u00f6misches Erbe?"},"content":{"rendered":"<p>Der Band besch\u00e4ftigt sich mit den Urspr\u00fcngen des neuzeitlichen Personenbegriffs aus rechtshistorischer, philosophischer und philologischer Sicht. Er wirft dabei die Frage auf, ob und in welchem Ausma\u00df bereits in der r\u00f6mischen Antike Vorstellungen beheimatet sind, welche den genuinen Eigenwert des Menschen als &#8222;Person&#8220; in den Mittelpunkt r\u00fccken. Die in dem Band versammelten Aufs\u00e4tze versuchen, die Frage dieses geistesgeschichtlichen Erbes aus verschiedenen thematischen Blickwinkeln und mit dem Instrumentarium unterschiedlicher Disziplinen zu beantworten; dabei spannen sie einen Bogen von den stoischen Urspr\u00fcngen des menschlichen Vernunftverst\u00e4ndnisses bis hin zum Personenbild im Privatrecht des 19. Jahrhunderts. Methodisch setzt der Band nicht an gegenw\u00e4rtigen Problemstellungen, sondern in Rom selbst an; das so entwickelte, unverstellte Bild soll mit dem Personenkonzept gespiegelt werden, welches sich schlie\u00dflich im 19. Jahrhundert als Grundlage einer neuzeitlichen Privatrechtsordnung entwickelt hat. Dabei verfolgt der Band das \u00fcbergeordnete Ziel, die im rechtshistorischen Bereich derzeit stark zivilistisch orientierte Diskussion \u00fcber das r\u00f6mische Rechtserbe auf breiterer geistesgeschichtlicher Grundlage anzuregen.<\/p>","protected":false},"excerpt":{"rendered":"<p>Der Band besch\u00e4ftigt sich mit den Urspr\u00fcngen des neuzeitlichen Personenbegriffs aus rechtshistorischer, philosophischer und philologischer Sicht. Er wirft dabei die Frage auf, ob und in welchem Ausma\u00df bereits in der r\u00f6mischen Antike Vorstellungen beheimatet sind, welche den genuinen Eigenwert des Menschen als &#8222;Person&#8220; in den Mittelpunkt r\u00fccken. Die in dem Band versammelten Aufs\u00e4tze versuchen, die [&hellip;]<\/p>\n","protected":false},"featured_media":1327,"comment_status":"open","ping_status":"closed","template":"","meta":{"_acf_changed":false},"product_brand":[],"product_cat":[48],"product_tag":[],"class_list":{"0":"post-839","1":"product","2":"type-product","3":"status-publish","4":"has-post-thumbnail","6":"product_cat-fau-forschungen-reihe-a-geisteswissenschaften","7":"has-post-title","8":"has-post-date","9":"has-post-category","10":"has-post-tag","11":"has-post-comment","12":"has-post-author","13":"","15":"first","16":"instock","17":"taxable","18":"shipping-taxable","19":"purchasable","20":"product-type-simple"},"acf":{"autor":"","orcid":"","ror":"","herausgeber":"Spengler, Hans-Dieter; Forschner, Benedikt; Mirschberger, Michael","orcid_hrsg":"","rorhrsg":"","bearbeiter":"","sonstige_beteiligte_personen":"","untertitel":"","zusatz":"","jahr":"2016","zeitschrift":"","serie":"","serie_name":"","serie_band":"","serie_jahr":"","serie_titel_band":"","vortrage":"","issn":"","isbn":"","isbn13":"978-3-944057-53-8","seiten":"176","sonstiges":"","band":5,"auflage":"","opus":"","dspace":"7239","e-isbn_pdf":"978-3-944057-54-5","doi":"","epub":"","e-isbn_epub":"","doi_epub":"","html":"","e-isbn_html":"","doi_html":"","e-isbn_reader":"","doi_reader":"","digibib":"","urn":"urn:nbn:de:bvb:29-opus4-72392","supplementary_material":"","sprache":["Deutsch"],"ausgabe":"Softcover","suche":" 9783944057538 9783944057545  ","lizenz":"BY-NC-ND-3","bemerkung":""},"builder_content":"","_links":{"self":[{"href":"https:\/\/www.university-press.fau.de\/en\/wp-json\/wp\/v2\/product\/839","targetHints":{"allow":["GET"]}}],"collection":[{"href":"https:\/\/www.university-press.fau.de\/en\/wp-json\/wp\/v2\/product"}],"about":[{"href":"https:\/\/www.university-press.fau.de\/en\/wp-json\/wp\/v2\/types\/product"}],"replies":[{"embeddable":true,"href":"https:\/\/www.university-press.fau.de\/en\/wp-json\/wp\/v2\/comments?post=839"}],"wp:featuredmedia":[{"embeddable":true,"href":"https:\/\/www.university-press.fau.de\/en\/wp-json\/wp\/v2\/media\/1327"}],"wp:attachment":[{"href":"https:\/\/www.university-press.fau.de\/en\/wp-json\/wp\/v2\/media?parent=839"}],"wp:term":[{"taxonomy":"product_brand","embeddable":true,"href":"https:\/\/www.university-press.fau.de\/en\/wp-json\/wp\/v2\/product_brand?post=839"},{"taxonomy":"product_cat","embeddable":true,"href":"https:\/\/www.university-press.fau.de\/en\/wp-json\/wp\/v2\/product_cat?post=839"},{"taxonomy":"product_tag","embeddable":true,"href":"https:\/\/www.university-press.fau.de\/en\/wp-json\/wp\/v2\/product_tag?post=839"}],"curies":[{"name":"wp","href":"https:\/\/api.w.org\/{rel}","templated":true}]}}