{"id":842,"date":"2022-10-04T13:27:21","date_gmt":"2022-10-04T11:27:21","guid":{"rendered":"https:\/\/www.university-press.fau.de\/?post_type=product&#038;p=842"},"modified":"2023-12-13T11:15:04","modified_gmt":"2023-12-13T10:15:04","slug":"978-3-944057-55-2","status":"publish","type":"product","link":"https:\/\/www.university-press.fau.de\/en\/product\/978-3-944057-55-2\/","title":{"rendered":"Zuwanderung nach Deutschland"},"content":{"rendered":"<p>Das Thema \u201eZuwanderung\u201c besch\u00e4ftigt die deutsche \u00d6ffentlichkeit sowie die deutsche und europ\u00e4ische Politik seit Jahren, immer st\u00e4rker und kontroverser werdend seit dem Sommer 2015 und bis in die Gegenwart andauernd aktuell bleibend. So lag es f\u00fcr den Vorstand der Dr. Alfred-Vinzl-Stiftung an der Friedrich-Alexander-Universit\u00e4t Erlangen-N\u00fcrnberg nahe, \u201eZuwanderung nach Deutschland\u201c zum Generalthema der 34. Atzelsberger Gespr\u00e4che am 2. Juli 2015 zu machen, um in hier zum Abdruck kommenden Vortr\u00e4gen Teilaspekte der komplizierten Gesamtproblematik in unterschiedlicher Weise zu behandeln, die dann auch die weiter ausholende Diskussion bestimmten.<\/p>\n<p>Nach dem Gru\u00dfwort der Kanzlerin der Friedrich-Alexander-Universit\u00e4t, Frau Sybille Reichert PhD (Yale University), die zugleich den vielschichtigen Zusammenhang von \u201eZuwanderung und Universit\u00e4t\u201c beleuchtet, widmet sich der damalige Pr\u00e4sident des N\u00fcrnberger Bundesamtes f\u00fcr Migration und Fl\u00fcchtlinge, Herr Dr. Manfred Schmidt, den im Sommer 2015 \u201eaktuellen Entwicklungen und Herausforderungen\u201c der Zuwanderungen. Die seit l\u00e4ngerem anhaltende Debatte in der Schweiz \u00fcber Zuwanderungsbegrenzung nimmt der Berner Politikwissenschaftler Wolf Linder zum Anla\u00df, \u201eEinwanderung in der Schweiz und in vergleichender Perspektive\u201c zu thematisieren. Der Erlanger \u00d6ffentlichrechtler und Rechtsphilosoph Andreas Funke behandelt Aspekte des Staatsangeh\u00f6rigkeits- und des Fl\u00fcchtlingsrechts sowie H\u00e4rtef\u00e4lle \u201ean der Grenze des Rechts\u201c unter dem Thema \u201eZuwanderung. Normen, Zahlen und der Einzelfall\u201c. Schlie\u00dflich referiert der Niederl\u00e4nder Michael van der Cammen von der Koordinierungsstelle der N\u00fcrnberger Bundesagentur f\u00fcr Arbeit \u00fcber die \u201eTeilhabe von Fl\u00fcchtlingen und Menschen mit Migrationshintergrund am deutschen Ausbildungs- und Arbeitsmarkt\u201c.<\/p>","protected":false},"excerpt":{"rendered":"<p>Das Thema \u201eZuwanderung\u201c besch\u00e4ftigt die deutsche \u00d6ffentlichkeit sowie die deutsche und europ\u00e4ische Politik seit Jahren, immer st\u00e4rker und kontroverser werdend seit dem Sommer 2015 und bis in die Gegenwart andauernd aktuell bleibend. So lag es f\u00fcr den Vorstand der Dr. Alfred-Vinzl-Stiftung an der Friedrich-Alexander-Universit\u00e4t Erlangen-N\u00fcrnberg nahe, \u201eZuwanderung nach Deutschland\u201c zum Generalthema der 34. Atzelsberger Gespr\u00e4che [&hellip;]<\/p>\n","protected":false},"featured_media":1273,"comment_status":"open","ping_status":"closed","template":"","meta":{"_acf_changed":false},"product_brand":[],"product_cat":[42,48],"product_tag":[],"class_list":{"0":"post-842","1":"product","2":"type-product","3":"status-publish","4":"has-post-thumbnail","6":"product_cat-atzelsberger-gespraeche","7":"product_cat-fau-forschungen-reihe-a-geisteswissenschaften","8":"has-post-title","9":"has-post-date","10":"has-post-category","11":"has-post-tag","12":"has-post-comment","13":"has-post-author","14":"","16":"first","17":"instock","18":"taxable","19":"shipping-taxable","20":"purchasable","21":"product-type-simple"},"acf":{"autor":"","orcid":"","ror":"","herausgeber":"Neuhaus, Helmut","orcid_hrsg":"","rorhrsg":"","bearbeiter":"","sonstige_beteiligte_personen":"","untertitel":"","zusatz":"","jahr":"2016","zeitschrift":"","serie":["ja"],"serie_name":"Atzelsberger Gespr\u00e4che","serie_band":"","serie_jahr":2015,"serie_titel_band":"","vortrage":"","issn":"","isbn":"","isbn13":"978-3-944057-55-2","seiten":"88","sonstiges":"","band":6,"auflage":"","opus":"","dspace":"7248","e-isbn_pdf":"978-3-944057-56-9","doi":"","epub":"","e-isbn_epub":"","doi_epub":"","html":"","e-isbn_html":"","doi_html":"","e-isbn_reader":"","doi_reader":"","digibib":"","urn":"urn:nbn:de:bvb:29-opus4-72480","supplementary_material":"","sprache":["Deutsch"],"ausgabe":"Softcover","suche":" 9783944057552 9783944057569  ","lizenz":"BY-NC-ND-3","bemerkung":""},"builder_content":"","_links":{"self":[{"href":"https:\/\/www.university-press.fau.de\/en\/wp-json\/wp\/v2\/product\/842","targetHints":{"allow":["GET"]}}],"collection":[{"href":"https:\/\/www.university-press.fau.de\/en\/wp-json\/wp\/v2\/product"}],"about":[{"href":"https:\/\/www.university-press.fau.de\/en\/wp-json\/wp\/v2\/types\/product"}],"replies":[{"embeddable":true,"href":"https:\/\/www.university-press.fau.de\/en\/wp-json\/wp\/v2\/comments?post=842"}],"wp:featuredmedia":[{"embeddable":true,"href":"https:\/\/www.university-press.fau.de\/en\/wp-json\/wp\/v2\/media\/1273"}],"wp:attachment":[{"href":"https:\/\/www.university-press.fau.de\/en\/wp-json\/wp\/v2\/media?parent=842"}],"wp:term":[{"taxonomy":"product_brand","embeddable":true,"href":"https:\/\/www.university-press.fau.de\/en\/wp-json\/wp\/v2\/product_brand?post=842"},{"taxonomy":"product_cat","embeddable":true,"href":"https:\/\/www.university-press.fau.de\/en\/wp-json\/wp\/v2\/product_cat?post=842"},{"taxonomy":"product_tag","embeddable":true,"href":"https:\/\/www.university-press.fau.de\/en\/wp-json\/wp\/v2\/product_tag?post=842"}],"curies":[{"name":"wp","href":"https:\/\/api.w.org\/{rel}","templated":true}]}}