{"id":844,"date":"2022-10-04T13:29:59","date_gmt":"2022-10-04T11:29:59","guid":{"rendered":"https:\/\/www.university-press.fau.de\/?post_type=product&#038;p=844"},"modified":"2025-07-08T10:07:05","modified_gmt":"2025-07-08T08:07:05","slug":"978-3-944057-57-6","status":"publish","type":"product","link":"https:\/\/www.university-press.fau.de\/en\/product\/978-3-944057-57-6\/","title":{"rendered":"Unendlichkeit"},"content":{"rendered":"<p>Der Band pr\u00e4sentiert die Druckfassungen der Vortr\u00e4ge zum Thema \u201aUnendlichkeit\u2018, die anl\u00e4sslich der Erlanger Universit\u00e4tstage vom 24. Februar bis zum 24. M\u00e4rz 2015 in Amberg und vom 22. Oktober bis zum 26. November 2015 in Ansbach gehalten wurden. Die f\u00fcnf Erlanger Wissenschaftlerinnen und Wissenschaftler, Professor Dr. Christine Lubkoll, Professor Dr. Karl-Heinz Leven, Professor Dr. Wolfgang Schoberth, Professor Dr. Thomas Weth und Professor Dr. J\u00f6rn Wilms \u2013 aus den Disziplinen Germanistik, Geschichte der Medizin, Theologie, Mathematik und Astronomie \u2013 verstanden es auf ebenso informative wie unterhaltsame Weise, dem Thema \u201aUnendlichkeit\u2018 faszinierende Aspekte abzugewinnen und ihr \u2013 erfreulicherweise stets gro\u00dfes \u2013 Publikum mit ihren geschickt didaktisch aufbereiteten Beitr\u00e4gen zu begeistern.<\/p>","protected":false},"excerpt":{"rendered":"<p>Der Band pr\u00e4sentiert die Druckfassungen der Vortr\u00e4ge zum Thema \u201aUnendlichkeit\u2018, die anl\u00e4sslich der Erlanger Universit\u00e4tstage vom 24. Februar bis zum 24. M\u00e4rz 2015 in Amberg und vom 22. Oktober bis zum 26. November 2015 in Ansbach gehalten wurden. Die f\u00fcnf Erlanger Wissenschaftlerinnen und Wissenschaftler, Professor Dr. Christine Lubkoll, Professor Dr. Karl-Heinz Leven, Professor Dr. Wolfgang [&hellip;]<\/p>\n","protected":false},"featured_media":1317,"comment_status":"open","ping_status":"closed","template":"","meta":{"_acf_changed":false},"product_brand":[],"product_cat":[43,48],"product_tag":[],"class_list":{"0":"post-844","1":"product","2":"type-product","3":"status-publish","4":"has-post-thumbnail","6":"product_cat-erlanger-universitaetstage","7":"product_cat-fau-forschungen-reihe-a-geisteswissenschaften","8":"has-post-title","9":"has-post-date","10":"has-post-category","11":"has-post-tag","12":"has-post-comment","13":"has-post-author","14":"","16":"first","17":"instock","18":"taxable","19":"shipping-taxable","20":"purchasable","21":"product-type-simple"},"acf":{"autor":"","orcid":"","ror":"","herausgeber":"Freiburg, Rudolf","orcid_hrsg":"","rorhrsg":"","bearbeiter":"","sonstige_beteiligte_personen":"","untertitel":"","zusatz":"","jahr":"2016","zeitschrift":"","serie":["ja"],"serie_name":"Erlanger Universit\u00e4tstage","serie_band":"","serie_jahr":2015,"serie_titel_band":"","vortrage":["F\u00fcnf Vortr\u00e4ge"],"issn":"","isbn":"","isbn13":"978-3-944057-57-6","seiten":"180","sonstiges":"Illustrationen, Diagramme, Karten","band":7,"auflage":"","opus":"","dspace":"7462","e-isbn_pdf":"978-3-944057-58-3 ","doi":"","epub":"","e-isbn_epub":"","doi_epub":"","html":"","e-isbn_html":"","doi_html":"","e-isbn_reader":"","doi_reader":"","digibib":"","urn":"urn:nbn:de:bvb:29-opus4-74624","supplementary_material":"","sprache":["Deutsch"],"ausgabe":"Softcover","suche":" 9783944057576 9783944057583   ","lizenz":"BY-NC-ND-3","bemerkung":"1x Provinzialbibliothek Amberg (kostenfrei), 14.02.2024"},"builder_content":"","_links":{"self":[{"href":"https:\/\/www.university-press.fau.de\/en\/wp-json\/wp\/v2\/product\/844","targetHints":{"allow":["GET"]}}],"collection":[{"href":"https:\/\/www.university-press.fau.de\/en\/wp-json\/wp\/v2\/product"}],"about":[{"href":"https:\/\/www.university-press.fau.de\/en\/wp-json\/wp\/v2\/types\/product"}],"replies":[{"embeddable":true,"href":"https:\/\/www.university-press.fau.de\/en\/wp-json\/wp\/v2\/comments?post=844"}],"wp:featuredmedia":[{"embeddable":true,"href":"https:\/\/www.university-press.fau.de\/en\/wp-json\/wp\/v2\/media\/1317"}],"wp:attachment":[{"href":"https:\/\/www.university-press.fau.de\/en\/wp-json\/wp\/v2\/media?parent=844"}],"wp:term":[{"taxonomy":"product_brand","embeddable":true,"href":"https:\/\/www.university-press.fau.de\/en\/wp-json\/wp\/v2\/product_brand?post=844"},{"taxonomy":"product_cat","embeddable":true,"href":"https:\/\/www.university-press.fau.de\/en\/wp-json\/wp\/v2\/product_cat?post=844"},{"taxonomy":"product_tag","embeddable":true,"href":"https:\/\/www.university-press.fau.de\/en\/wp-json\/wp\/v2\/product_tag?post=844"}],"curies":[{"name":"wp","href":"https:\/\/api.w.org\/{rel}","templated":true}]}}