{"id":846,"date":"2022-10-04T13:33:02","date_gmt":"2022-10-04T11:33:02","guid":{"rendered":"https:\/\/www.university-press.fau.de\/?post_type=product&#038;p=846"},"modified":"2023-12-13T11:01:59","modified_gmt":"2023-12-13T10:01:59","slug":"978-3-96147-040-2","status":"publish","type":"product","link":"https:\/\/www.university-press.fau.de\/en\/product\/978-3-96147-040-2\/","title":{"rendered":"Arm und Reich"},"content":{"rendered":"<p>Das Thema \u201eArm und Reich\u201c wirft eine Vielzahl von grundlegenden Problemen auf, die unser politisches, gesellschaftliches und wirtschaftliches Leben betreffen. Sie betreffen die politischen Debatten um Verm\u00f6genssteuern, sie betreffen den Zusammenhang von Armut und Gesundheit, Reichtum und Lebenserwartung, den Zusammenhang von Ungleichheit und wirtschaftlichem Fortschritt, Ungleichheit und Sicherheit, auch Gef\u00e4hrdung der Demokratie. Ist die ungleiche Verteilung von Reichtum verantwortlich f\u00fcr Terrorismus? Geht der Mittelstand bei zunehmender Armut verloren? Macht immer mehr Ungleichheit immer mehr Umverteilung notwendig? Werden Arme tats\u00e4chlich immer \u00e4rmer, Reiche immer reicher?<\/p>\n<p>Diesen Fragen stellten sich die Mitglieder des Stiftungsrates und des Vorstandes der Dr. Alfred-Vinzl-Stiftung, sowie die Referentinnen und Referenten und G\u00e4ste in der Jubil\u00e4umsveranstaltung der 35. Atzelsberger Gespr\u00e4che. Nach dem Gru\u00dfwort des Vizepr\u00e4sident f\u00fcr Internationale Angelegenheiten der Friedrich-Alexander-Universit\u00e4t Erlangen-N\u00fcrnberg (FAU) Dr. G\u00fcnter Leugering, der die \u00fcber vierzigj\u00e4hrige Erfolgsgeschichte der Stiftung und ihr ureigenes Engagement bei der sozialgerechten \u201eUmverteilung\u201c von Chancen und M\u00f6glichkeiten w\u00fcrdigt, widmet sich Herr Dr. Klaus Moser, Inhaber des Erlanger Lehrstuhls f\u00fcr Psychologie, insbesondere Wirtschafts- und Sozialpsychologie der Frage, warum Armut ungl\u00fccklich und Reichtum nicht wirklich gl\u00fccklich macht. Den konkreten Kampf gegen Armut und Ausbeutung sowie deren kulturelle und religi\u00f6se Auspr\u00e4gung in der Menschheitsgeschichte greift anschlie\u00dfend die Historikerin Dr. Barbara Potthast am Beispiel der indigenen Bev\u00f6lkerung in Lateinamerika auf. Dr. Dr. Karl Homann beleuchtet abschlie\u00dfend aus wirtschaftsethischer Sicht, was aktuell bei der Debatte \u00fcber Arm und Reich fehl l\u00e4uft und wie Ans\u00e4tze zu einer erfolgreiche(re)n Armutsbek\u00e4mpfung aussehen.<\/p>","protected":false},"excerpt":{"rendered":"<p>Das Thema \u201eArm und Reich\u201c wirft eine Vielzahl von grundlegenden Problemen auf, die unser politisches, gesellschaftliches und wirtschaftliches Leben betreffen. Sie betreffen die politischen Debatten um Verm\u00f6genssteuern, sie betreffen den Zusammenhang von Armut und Gesundheit, Reichtum und Lebenserwartung, den Zusammenhang von Ungleichheit und wirtschaftlichem Fortschritt, Ungleichheit und Sicherheit, auch Gef\u00e4hrdung der Demokratie. Ist die ungleiche [&hellip;]<\/p>\n","protected":false},"featured_media":958,"comment_status":"open","ping_status":"closed","template":"","meta":{"_acf_changed":false},"product_brand":[],"product_cat":[42,48],"product_tag":[],"class_list":{"0":"post-846","1":"product","2":"type-product","3":"status-publish","4":"has-post-thumbnail","6":"product_cat-atzelsberger-gespraeche","7":"product_cat-fau-forschungen-reihe-a-geisteswissenschaften","8":"has-post-title","9":"has-post-date","10":"has-post-category","11":"has-post-tag","12":"has-post-comment","13":"has-post-author","14":"","16":"first","17":"instock","18":"taxable","19":"shipping-taxable","20":"purchasable","21":"product-type-simple"},"acf":{"autor":"","orcid":"","ror":"","herausgeber":"Neuhaus, Helmut","orcid_hrsg":"","rorhrsg":"","bearbeiter":"","sonstige_beteiligte_personen":"","untertitel":"","zusatz":"","jahr":"2017","zeitschrift":"","serie":["ja"],"serie_name":"Atzelsberger Gespr\u00e4che","serie_band":"","serie_jahr":2016,"serie_titel_band":"","vortrage":"","issn":"","isbn":"","isbn13":"978-3-96147-040-2","seiten":"80","sonstiges":"","band":8,"auflage":"","opus":"","dspace":"8623","e-isbn_pdf":"978-3-96147-041-9","doi":"","epub":"","e-isbn_epub":"","doi_epub":"","html":"","e-isbn_html":"","doi_html":"","e-isbn_reader":"","doi_reader":"","digibib":"","urn":"urn:nbn:de:bvb:29-opus4-86237 ","supplementary_material":"","sprache":["Deutsch"],"ausgabe":"Softcover","suche":" 9783961470402 9783961470419  ","lizenz":"BY-NC-ND-3","bemerkung":""},"builder_content":"","_links":{"self":[{"href":"https:\/\/www.university-press.fau.de\/en\/wp-json\/wp\/v2\/product\/846","targetHints":{"allow":["GET"]}}],"collection":[{"href":"https:\/\/www.university-press.fau.de\/en\/wp-json\/wp\/v2\/product"}],"about":[{"href":"https:\/\/www.university-press.fau.de\/en\/wp-json\/wp\/v2\/types\/product"}],"replies":[{"embeddable":true,"href":"https:\/\/www.university-press.fau.de\/en\/wp-json\/wp\/v2\/comments?post=846"}],"wp:featuredmedia":[{"embeddable":true,"href":"https:\/\/www.university-press.fau.de\/en\/wp-json\/wp\/v2\/media\/958"}],"wp:attachment":[{"href":"https:\/\/www.university-press.fau.de\/en\/wp-json\/wp\/v2\/media?parent=846"}],"wp:term":[{"taxonomy":"product_brand","embeddable":true,"href":"https:\/\/www.university-press.fau.de\/en\/wp-json\/wp\/v2\/product_brand?post=846"},{"taxonomy":"product_cat","embeddable":true,"href":"https:\/\/www.university-press.fau.de\/en\/wp-json\/wp\/v2\/product_cat?post=846"},{"taxonomy":"product_tag","embeddable":true,"href":"https:\/\/www.university-press.fau.de\/en\/wp-json\/wp\/v2\/product_tag?post=846"}],"curies":[{"name":"wp","href":"https:\/\/api.w.org\/{rel}","templated":true}]}}