{"id":848,"date":"2022-10-04T13:35:50","date_gmt":"2022-10-04T11:35:50","guid":{"rendered":"https:\/\/www.university-press.fau.de\/?post_type=product&#038;p=848"},"modified":"2025-07-08T10:05:45","modified_gmt":"2025-07-08T08:05:45","slug":"dtenflut","status":"publish","type":"product","link":"https:\/\/www.university-press.fau.de\/en\/product\/dtenflut\/","title":{"rendered":"D@tenflut"},"content":{"rendered":"<p>Der Band pr\u00e4sentiert die Druckfassungen der Vortr\u00e4ge zum Thema \u201aD@tenflut\u2018, die anl\u00e4sslich der Erlanger Universit\u00e4tstage vom 16. Februar bis zum 15. M\u00e4rz 2016 in Amberg und vom 20. Oktober bis zum 24. November 2016 in Ansbach gehalten wurden. Die f\u00fcnf Erlanger Wissenschaftlerinnen und Wissenschaftler, Professor Dr. Svenja Hagenhoff, Professor Dr. Georg Glasze, Professor Dr. Klaus Meyer\u2010Wegener, Professor Dr. Hans\u2010Ulrich Prokosch und Dr. Sebastian B\u00fcttner &#8211; aus den Disziplinen der Buchwissenschaft, der Geographie, der Informatik, der Medizinischen Informatik und der Soziologie &#8211; f\u00fchren in beeindruckender Weise die Chancen und Gefahren vor Augen, die das sich immer klarer abzeichnende \u201aZeitalter der gro\u00dfen Datenmengen\u2018 mit sich bringt.<\/p>","protected":false},"excerpt":{"rendered":"<p>Der Band pr\u00e4sentiert die Druckfassungen der Vortr\u00e4ge zum Thema \u201aD@tenflut\u2018, die anl\u00e4sslich der Erlanger Universit\u00e4tstage vom 16. Februar bis zum 15. M\u00e4rz 2016 in Amberg und vom 20. Oktober bis zum 24. November 2016 in Ansbach gehalten wurden. Die f\u00fcnf Erlanger Wissenschaftlerinnen und Wissenschaftler, Professor Dr. Svenja Hagenhoff, Professor Dr. Georg Glasze, Professor Dr. Klaus [&hellip;]<\/p>\n","protected":false},"featured_media":1318,"comment_status":"open","ping_status":"closed","template":"","meta":{"_acf_changed":false},"product_brand":[],"product_cat":[43,48],"product_tag":[],"class_list":{"0":"post-848","1":"product","2":"type-product","3":"status-publish","4":"has-post-thumbnail","6":"product_cat-erlanger-universitaetstage","7":"product_cat-fau-forschungen-reihe-a-geisteswissenschaften","8":"has-post-title","9":"has-post-date","10":"has-post-category","11":"has-post-tag","12":"has-post-comment","13":"has-post-author","14":"","16":"first","17":"instock","18":"taxable","19":"shipping-taxable","20":"purchasable","21":"product-type-simple"},"acf":{"autor":"","orcid":"","ror":"","herausgeber":"Freiburg, Rudolf","orcid_hrsg":"","rorhrsg":"","bearbeiter":"","sonstige_beteiligte_personen":"","untertitel":"","zusatz":"","jahr":"2017","zeitschrift":"","serie":["ja"],"serie_name":"Erlanger Universit\u00e4tstage","serie_band":"","serie_jahr":2016,"serie_titel_band":"","vortrage":["F\u00fcnf Vortr\u00e4ge"],"issn":"","isbn":"978\u20103\u201096147\u2010046\u20104","isbn13":"","seiten":"156","sonstiges":"Illustrationen","band":9,"auflage":"","opus":"","dspace":"8647","e-isbn_pdf":"978-3-96147-047-1","doi":"","epub":"","e-isbn_epub":"","doi_epub":"","html":"","e-isbn_html":"","doi_html":"","e-isbn_reader":"","doi_reader":"","digibib":"","urn":"urn:nbn:de:bvb:29-opus4-86476","supplementary_material":"","sprache":["Deutsch"],"ausgabe":"Softcover","suche":"978\u20103\u201096147\u2010046\u20104  9783961470471  ","lizenz":"BY-NC-ND-3","bemerkung":""},"builder_content":"","_links":{"self":[{"href":"https:\/\/www.university-press.fau.de\/en\/wp-json\/wp\/v2\/product\/848","targetHints":{"allow":["GET"]}}],"collection":[{"href":"https:\/\/www.university-press.fau.de\/en\/wp-json\/wp\/v2\/product"}],"about":[{"href":"https:\/\/www.university-press.fau.de\/en\/wp-json\/wp\/v2\/types\/product"}],"replies":[{"embeddable":true,"href":"https:\/\/www.university-press.fau.de\/en\/wp-json\/wp\/v2\/comments?post=848"}],"wp:featuredmedia":[{"embeddable":true,"href":"https:\/\/www.university-press.fau.de\/en\/wp-json\/wp\/v2\/media\/1318"}],"wp:attachment":[{"href":"https:\/\/www.university-press.fau.de\/en\/wp-json\/wp\/v2\/media?parent=848"}],"wp:term":[{"taxonomy":"product_brand","embeddable":true,"href":"https:\/\/www.university-press.fau.de\/en\/wp-json\/wp\/v2\/product_brand?post=848"},{"taxonomy":"product_cat","embeddable":true,"href":"https:\/\/www.university-press.fau.de\/en\/wp-json\/wp\/v2\/product_cat?post=848"},{"taxonomy":"product_tag","embeddable":true,"href":"https:\/\/www.university-press.fau.de\/en\/wp-json\/wp\/v2\/product_tag?post=848"}],"curies":[{"name":"wp","href":"https:\/\/api.w.org\/{rel}","templated":true}]}}