{"id":850,"date":"2022-10-04T13:42:39","date_gmt":"2022-10-04T11:42:39","guid":{"rendered":"https:\/\/www.university-press.fau.de\/?post_type=product&#038;p=850"},"modified":"2024-01-15T09:01:50","modified_gmt":"2024-01-15T08:01:50","slug":"978-3-96147-105-8","status":"publish","type":"product","link":"https:\/\/www.university-press.fau.de\/en\/product\/978-3-96147-105-8\/","title":{"rendered":"Islam in Bayern &#8211; Wie leben wir gut zusammen?"},"content":{"rendered":"<p>Nachdem es sich die Dr. Alfred-Vinzl-Stiftung an der Friedrich-Alexander-Universit\u00e4t Erlangen-N\u00fcrnberg (FAU) seit vielen Jahren zur Aufgabe gemacht hat, bei ihren j\u00e4hrlich stattfindenden \u201eAtzelsberger Gespr\u00e4chen\u201c Politik und Gesellschaft bewegende aktuelle Probleme zu thematisieren und in wissenschaftlichen Vortr\u00e4gen zu behandeln, lag es nahe, sich auch dem Verh\u00e4ltnis von Islam und Deutschland zuzuwenden, eingegrenzter: \u201eIslam in Bayern\u201c, und die Frage zu stellen: \u201eWie leben wir gut zusammen?\u201c Diese Frage pr\u00e4gte die 36. Atzelsberger Gespr\u00e4che im Juli 2017 und wurde in den Vortr\u00e4gen thematisiert, die in diesem Band abgebildet werden. Nach dem Gru\u00dfwort der B\u00fcrgermeisterin der Stadt Erlangen, Frau Dr. Elisabeth Preu\u00df, und der Einleitung in die Thematik \u201eMuslime in Bayern\u201c, in der Herr Univ.-Prof. Mathias Rohe das gleichnamige im Jahre 2015 begonnene, im Zusammenwirken mit der Bayerischen Akademie der Wissenschaften betriebene Forschungsprojekt des Erlanger Zentrums f\u00fcr Islam und Recht in Europa vorstellt, gibt der Band einen kurzen historischen \u00dcberblick \u00fcber den \u201eIslam in Bayern: Von den Anf\u00e4ngen bis zum 2. Weltkrieg\u201c, dem Frau Nina Nowars Ausf\u00fchrungen zur \u201evergessene[n] Geschichte des Islam in Bayern\u201c folgen. Herr Rohe selbst erl\u00e4utert dann \u2013 auf die Gegenwart bezogen \u2013 die \u201eEtablierung, Selbstorganisation, Kooperation und Teilhabe\u201c der \u201eMuslime in Bayern\u201c, bevor Herr Dr. Mahmoud Jaraba aus seinen eigenen Forschungen \u00fcber \u201eMuslimische[n] Extremismus in Bayern\u201c berichtet.<\/p>","protected":false},"excerpt":{"rendered":"<p>Nachdem es sich die Dr. Alfred-Vinzl-Stiftung an der Friedrich-Alexander-Universit\u00e4t Erlangen-N\u00fcrnberg (FAU) seit vielen Jahren zur Aufgabe gemacht hat, bei ihren j\u00e4hrlich stattfindenden \u201eAtzelsberger Gespr\u00e4chen\u201c Politik und Gesellschaft bewegende aktuelle Probleme zu thematisieren und in wissenschaftlichen Vortr\u00e4gen zu behandeln, lag es nahe, sich auch dem Verh\u00e4ltnis von Islam und Deutschland zuzuwenden, eingegrenzter: \u201eIslam in Bayern\u201c, und [&hellip;]<\/p>\n","protected":false},"featured_media":1275,"comment_status":"open","ping_status":"closed","template":"","meta":{"_acf_changed":false},"product_brand":[],"product_cat":[42,48],"product_tag":[],"class_list":{"0":"post-850","1":"product","2":"type-product","3":"status-publish","4":"has-post-thumbnail","6":"product_cat-atzelsberger-gespraeche","7":"product_cat-fau-forschungen-reihe-a-geisteswissenschaften","8":"has-post-title","9":"has-post-date","10":"has-post-category","11":"has-post-tag","12":"has-post-comment","13":"has-post-author","14":"","16":"first","17":"instock","18":"taxable","19":"shipping-taxable","20":"purchasable","21":"product-type-simple"},"acf":{"autor":"","orcid":"","ror":"","herausgeber":"Rohe, Mathias ","orcid_hrsg":"","rorhrsg":"","bearbeiter":"","sonstige_beteiligte_personen":"","untertitel":"","zusatz":"","jahr":"2018","zeitschrift":"","serie":["ja"],"serie_name":"Atzelsberger Gespr\u00e4che","serie_band":"","serie_jahr":2017,"serie_titel_band":"","vortrage":"","issn":"","isbn":"","isbn13":"978-3-96147-105-8","seiten":"86","sonstiges":"","band":10,"auflage":"","opus":"","dspace":"9851","e-isbn_pdf":"978-3-96147-106-5","doi":"https:\/\/doi.org\/10.25593\/978-3-96147-106-5","epub":"","e-isbn_epub":"","doi_epub":"","html":"","e-isbn_html":"","doi_html":"","e-isbn_reader":"","doi_reader":"","digibib":"","urn":"urn:nbn:de:bvb:29-opus4-98512","supplementary_material":"","sprache":["Deutsch"],"ausgabe":"Softcover","suche":" 9783961471058 9783961471065  ","lizenz":"BY-NC-ND-4","bemerkung":""},"builder_content":"","_links":{"self":[{"href":"https:\/\/www.university-press.fau.de\/en\/wp-json\/wp\/v2\/product\/850","targetHints":{"allow":["GET"]}}],"collection":[{"href":"https:\/\/www.university-press.fau.de\/en\/wp-json\/wp\/v2\/product"}],"about":[{"href":"https:\/\/www.university-press.fau.de\/en\/wp-json\/wp\/v2\/types\/product"}],"replies":[{"embeddable":true,"href":"https:\/\/www.university-press.fau.de\/en\/wp-json\/wp\/v2\/comments?post=850"}],"wp:featuredmedia":[{"embeddable":true,"href":"https:\/\/www.university-press.fau.de\/en\/wp-json\/wp\/v2\/media\/1275"}],"wp:attachment":[{"href":"https:\/\/www.university-press.fau.de\/en\/wp-json\/wp\/v2\/media?parent=850"}],"wp:term":[{"taxonomy":"product_brand","embeddable":true,"href":"https:\/\/www.university-press.fau.de\/en\/wp-json\/wp\/v2\/product_brand?post=850"},{"taxonomy":"product_cat","embeddable":true,"href":"https:\/\/www.university-press.fau.de\/en\/wp-json\/wp\/v2\/product_cat?post=850"},{"taxonomy":"product_tag","embeddable":true,"href":"https:\/\/www.university-press.fau.de\/en\/wp-json\/wp\/v2\/product_tag?post=850"}],"curies":[{"name":"wp","href":"https:\/\/api.w.org\/{rel}","templated":true}]}}