{"id":855,"date":"2022-10-04T16:31:31","date_gmt":"2022-10-04T14:31:31","guid":{"rendered":"https:\/\/www.university-press.fau.de\/?post_type=product&#038;p=855"},"modified":"2025-07-07T11:46:56","modified_gmt":"2025-07-07T09:46:56","slug":"978-3-96147-200-0","status":"publish","type":"product","link":"https:\/\/www.university-press.fau.de\/en\/product\/978-3-96147-200-0\/","title":{"rendered":"The cooccurrence of linguistic structures"},"content":{"rendered":"<p>The study of cooccurrences, i.\u2009e. the analysis of linguistic units that occur together, has had a profound impact on our view of language. Not only has it contributed greatly to the insight that semi-preconstructed phrases and item-specific knowledge are central to how language works, but it has also led to improved dictionaries and teaching materials. Cooccurrences of various linguistic items have been studied under a variety of names, e.\u2009g. collocation, colligation or collostruction. While there are well-understood and fully worked out statistical models for the analysis of cooccurrences of pairs of words, no such model exists for cooccurrences of larger linguistic structures. This situation is remedied by the current work.<\/p>\n<p>Aufbauend auf den etablierten Vierfeldertafeln und einer graphbasierten Repr\u00e4sentation sprachlicher Strukturen wird das verallgemeinerte Kookkurrenzmodell entwickelt, ein explizites formales Modell f\u00fcr die statistische Analyse von Kookkurrenzen beliebiger sprachlicher Strukturen. Es wird gezeigt, dass existierende Methoden zur Analyse von Zweiwortkookkurrenzen und zur Kollostruktionsanalyse lediglich Spezialf\u00e4lle des verallgemeinerten Kookkurrenzmodells sind.<\/p>","protected":false},"excerpt":{"rendered":"<p>Die Kookkurrenzforschung, also die Analyse des gemeinsamen Auftretens von sprachlichen Einheiten, hat unser Bild von Sprache ma\u00dfgeblich beeinflusst. Sie hat nicht nur wesentlich zur der Erkenntnis beigetragen, dass \u201eHalbfertigprodukte der Sprache\u201c (Hausmann, 1984: 398) und einzelwortspezifisches Wissen zentrale Elemente der Funktionsweise von Sprache sind, sondern hat auch zu besseren W\u00f6rterb\u00fcchern und Lernmaterialien gef\u00fchrt. Die Kookkurrenz [&hellip;]<\/p>\n","protected":false},"featured_media":1326,"comment_status":"open","ping_status":"closed","template":"","meta":{"_acf_changed":false},"product_brand":[],"product_cat":[48],"product_tag":[],"class_list":{"0":"post-855","1":"product","2":"type-product","3":"status-publish","4":"has-post-thumbnail","6":"product_cat-fau-forschungen-reihe-a-geisteswissenschaften","7":"has-post-title","8":"has-post-date","9":"has-post-category","10":"has-post-tag","11":"has-post-comment","12":"has-post-author","13":"","15":"first","16":"instock","17":"taxable","18":"shipping-taxable","19":"purchasable","20":"product-type-simple"},"acf":{"autor":"Proisl, Thomas","orcid":"","ror":"","herausgeber":"","orcid_hrsg":"","rorhrsg":"","bearbeiter":"","sonstige_beteiligte_personen":"","untertitel":"","zusatz":"","jahr":"2019","zeitschrift":"","serie":"","serie_name":"","serie_band":"","serie_jahr":"","serie_titel_band":"","vortrage":"","issn":"","isbn":"","isbn13":"978-3-96147-200-0","seiten":"128","sonstiges":"","band":12,"auflage":"","opus":"","dspace":"11125","e-isbn_pdf":"978-3-96147-201-7 ","doi":"https:\/\/doi.org\/10.25593\/978-3-96147-201-7","epub":"","e-isbn_epub":"","doi_epub":"","html":"","e-isbn_html":"","doi_html":"","e-isbn_reader":"","doi_reader":"","digibib":"","urn":"urn:nbn:de:bvb:29-opus4-111251","supplementary_material":"","sprache":["Englisch"],"ausgabe":"Softcover","suche":" 9783961472000 9783961472017   ","lizenz":"BY-4","bemerkung":""},"builder_content":"","_links":{"self":[{"href":"https:\/\/www.university-press.fau.de\/en\/wp-json\/wp\/v2\/product\/855","targetHints":{"allow":["GET"]}}],"collection":[{"href":"https:\/\/www.university-press.fau.de\/en\/wp-json\/wp\/v2\/product"}],"about":[{"href":"https:\/\/www.university-press.fau.de\/en\/wp-json\/wp\/v2\/types\/product"}],"replies":[{"embeddable":true,"href":"https:\/\/www.university-press.fau.de\/en\/wp-json\/wp\/v2\/comments?post=855"}],"wp:featuredmedia":[{"embeddable":true,"href":"https:\/\/www.university-press.fau.de\/en\/wp-json\/wp\/v2\/media\/1326"}],"wp:attachment":[{"href":"https:\/\/www.university-press.fau.de\/en\/wp-json\/wp\/v2\/media?parent=855"}],"wp:term":[{"taxonomy":"product_brand","embeddable":true,"href":"https:\/\/www.university-press.fau.de\/en\/wp-json\/wp\/v2\/product_brand?post=855"},{"taxonomy":"product_cat","embeddable":true,"href":"https:\/\/www.university-press.fau.de\/en\/wp-json\/wp\/v2\/product_cat?post=855"},{"taxonomy":"product_tag","embeddable":true,"href":"https:\/\/www.university-press.fau.de\/en\/wp-json\/wp\/v2\/product_tag?post=855"}],"curies":[{"name":"wp","href":"https:\/\/api.w.org\/{rel}","templated":true}]}}