{"id":860,"date":"2022-10-04T16:41:19","date_gmt":"2022-10-04T14:41:19","guid":{"rendered":"https:\/\/www.university-press.fau.de\/?post_type=product&#038;p=860"},"modified":"2024-02-14T14:19:01","modified_gmt":"2024-02-14T13:19:01","slug":"978%e2%80%903%e2%80%9096147%e2%80%90221%e2%80%905","status":"publish","type":"product","link":"https:\/\/www.university-press.fau.de\/en\/product\/978%e2%80%903%e2%80%9096147%e2%80%90221%e2%80%905\/","title":{"rendered":"T\u00e4uschungen"},"content":{"rendered":"<p>This volume presents the printed versions of the lectures on the subject of 'T\u00e4uschungen' (German for 'deceptions') held on the occasion of the Erlanger Universit\u00e4tstage from 20 February to 20 March 2018 in Amberg and from 25 October to 29 November 2018 in Ansbach. Five Erlangen scholars and scientists, PD Dr. Doris Gerstl, Prof. Johanna Haberer, Prof. Dr. Gerhard Ernst, Dr. Christian Riess and Prof. Dr. Holger Schulze, \u2013 representing the disciplines of art history, Christian journalism, philosophy, image forensics and neurobiology \u2013 managed to deliver enthralling lectures analysing the issue of deceptions from their respective specialist perspectives. Despite the high intellectual standards of these papers they are understandable to a wide audience.<\/p>","protected":false},"excerpt":{"rendered":"<p>Der vorliegende Band pr\u00e4sentiert die Druckfassungen der Vortr\u00e4ge zum Thema &#8218;T\u00e4uschungen&#8216;, die anl\u00e4sslich der Erlanger Universit\u00e4tstage vom 20. Februar bis 20. M\u00e4rz 2018 in Amberg und vom 25. Oktober bis zum 29. November 2018 in Ansbach gehalten wurden. Den Erlanger Wissenschaftlerinnen und Wissenschaftlern, Privatdozentin Dr. Doris Gerstl, Prof. Johanna Haberer, Prof. Dr. Gerhard Ernst, Dr. [&hellip;]<\/p>\n","protected":false},"featured_media":1322,"comment_status":"open","ping_status":"closed","template":"","meta":{"_acf_changed":false},"product_brand":[],"product_cat":[43,48],"product_tag":[],"class_list":{"0":"post-860","1":"product","2":"type-product","3":"status-publish","4":"has-post-thumbnail","6":"product_cat-erlanger-universitaetstage","7":"product_cat-fau-forschungen-reihe-a-geisteswissenschaften","8":"has-post-title","9":"has-post-date","10":"has-post-category","11":"has-post-tag","12":"has-post-comment","13":"has-post-author","14":"","16":"first","17":"instock","18":"taxable","19":"shipping-taxable","20":"purchasable","21":"product-type-simple"},"acf":{"autor":"","orcid":"","ror":"","herausgeber":"Freiburg, Rudolf","orcid_hrsg":"","rorhrsg":"","bearbeiter":"","sonstige_beteiligte_personen":"","untertitel":"","zusatz":"","jahr":"2019","zeitschrift":"","serie":["ja"],"serie_name":"Erlanger Universit\u00e4tstage","serie_band":"","serie_jahr":2018,"serie_titel_band":"","vortrage":["F\u00fcnf Vortr\u00e4ge"],"issn":"","isbn":"","isbn13":"978\u20103\u201096147\u2010221\u20105","seiten":"152","sonstiges":"","band":14,"auflage":"","opus":"","dspace":"11762","e-isbn_pdf":"978-3-96147-222-2 ","doi":"https:\/\/doi.org\/10.25593\/978-3-96147-222-2","epub":"","e-isbn_epub":"","doi_epub":"","html":"","e-isbn_html":"","doi_html":"","e-isbn_reader":"","doi_reader":"","digibib":"","urn":"urn:nbn:de:bvb:29-opus4-117626","supplementary_material":"","sprache":["Deutsch"],"ausgabe":"Softcover","suche":" 978\u20103\u201096147\u2010221\u20105 9783961472222   ","lizenz":"BY-4","bemerkung":"1x Provinzialbibliothek Amberg (kostenfrei), 14.02.2024"},"builder_content":"","_links":{"self":[{"href":"https:\/\/www.university-press.fau.de\/en\/wp-json\/wp\/v2\/product\/860","targetHints":{"allow":["GET"]}}],"collection":[{"href":"https:\/\/www.university-press.fau.de\/en\/wp-json\/wp\/v2\/product"}],"about":[{"href":"https:\/\/www.university-press.fau.de\/en\/wp-json\/wp\/v2\/types\/product"}],"replies":[{"embeddable":true,"href":"https:\/\/www.university-press.fau.de\/en\/wp-json\/wp\/v2\/comments?post=860"}],"wp:featuredmedia":[{"embeddable":true,"href":"https:\/\/www.university-press.fau.de\/en\/wp-json\/wp\/v2\/media\/1322"}],"wp:attachment":[{"href":"https:\/\/www.university-press.fau.de\/en\/wp-json\/wp\/v2\/media?parent=860"}],"wp:term":[{"taxonomy":"product_brand","embeddable":true,"href":"https:\/\/www.university-press.fau.de\/en\/wp-json\/wp\/v2\/product_brand?post=860"},{"taxonomy":"product_cat","embeddable":true,"href":"https:\/\/www.university-press.fau.de\/en\/wp-json\/wp\/v2\/product_cat?post=860"},{"taxonomy":"product_tag","embeddable":true,"href":"https:\/\/www.university-press.fau.de\/en\/wp-json\/wp\/v2\/product_tag?post=860"}],"curies":[{"name":"wp","href":"https:\/\/api.w.org\/{rel}","templated":true}]}}