{"id":862,"date":"2022-10-04T16:44:56","date_gmt":"2022-10-04T14:44:56","guid":{"rendered":"https:\/\/www.university-press.fau.de\/?post_type=product&#038;p=862"},"modified":"2024-10-18T10:20:36","modified_gmt":"2024-10-18T08:20:36","slug":"978-3-96147-324-3","status":"publish","type":"product","link":"https:\/\/www.university-press.fau.de\/en\/product\/978-3-96147-324-3\/","title":{"rendered":"Werte"},"content":{"rendered":"<p>This volume presents the printed versions of the lectures on the subject of 'Werte' (German for 'values') held on the occasion of the Erlanger Universit\u00e4tstage from 12 March to 9 April 2019 in Amberg and from 24 October to 28 November 2019 in Ansbach. Five Erlangen scholars and scientists, Prof. Dr. Maren Conrad, Dr. Caroline Hack, Dr. Klaus L\u00f6sch, Prof. Dr. Roland Sturm und Prof. Dr. Georges Tamer, \u2013 representing the disciplines of German\/Comparative Studies, Medical Ethics, American Studies, Political Science and Oriental Philology\/Islamic Studies \u2013 managed to deliver enthralling lectures analysing diverse complex phenomena of values and evaluation from their respective specialist perspectives. Despite the high intellectual standards of these papers they remain understandable to a wide audience.<\/p>","protected":false},"excerpt":{"rendered":"<p>Der Band pr\u00e4sentiert die Druckfassungen der Vortr\u00e4ge zum Thema \u201aWerte\u2018, die anl\u00e4sslich der Erlanger Universit\u00e4tstage vom 12. M\u00e4rz bis 9. April 2019 in Amberg und vom 24. Oktober bis zum 28. November 2019 in Ansbach gehalten wurden. Den f\u00fcnf Erlanger Wissenschaftlerinnen und Wissenschaftlern, Prof. Dr. Maren Conrad, Dr. Caroline Hack, Dr. Klaus L\u00f6sch, Prof. Dr. [&hellip;]<\/p>\n","protected":false},"featured_media":1323,"comment_status":"open","ping_status":"closed","template":"","meta":{"_acf_changed":false},"product_brand":[],"product_cat":[43,48],"product_tag":[],"class_list":{"0":"post-862","1":"product","2":"type-product","3":"status-publish","4":"has-post-thumbnail","6":"product_cat-erlanger-universitaetstage","7":"product_cat-fau-forschungen-reihe-a-geisteswissenschaften","8":"has-post-title","9":"has-post-date","10":"has-post-category","11":"has-post-tag","12":"has-post-comment","13":"has-post-author","14":"","16":"first","17":"instock","18":"taxable","19":"shipping-taxable","20":"purchasable","21":"product-type-simple"},"acf":{"autor":"","orcid":"","ror":"","herausgeber":"Freiburg, Rudolf","orcid_hrsg":"","rorhrsg":"","bearbeiter":"","sonstige_beteiligte_personen":"","untertitel":"","zusatz":"","jahr":"2020","zeitschrift":"","serie":["ja"],"serie_name":"Erlanger Universit\u00e4tstage","serie_band":"","serie_jahr":2019,"serie_titel_band":"","vortrage":["F\u00fcnf Vortr\u00e4ge"],"issn":"","isbn":"","isbn13":"978-3-96147-324-3","seiten":"193","sonstiges":"","band":15,"auflage":"","opus":"","dspace":"14578","e-isbn_pdf":"978-3-96147-325-0 ","doi":"https:\/\/doi.org\/10.25593\/978-3-96147-325-0","epub":"","e-isbn_epub":"","doi_epub":"","html":"","e-isbn_html":"","doi_html":"","e-isbn_reader":"","doi_reader":"","digibib":"","urn":"urn:nbn:de:bvb:29-opus4-145780","supplementary_material":"","sprache":["Deutsch"],"ausgabe":"Softcover","suche":" 9783961473243 9783961473250   ","lizenz":"BY-4","bemerkung":""},"builder_content":"","_links":{"self":[{"href":"https:\/\/www.university-press.fau.de\/en\/wp-json\/wp\/v2\/product\/862","targetHints":{"allow":["GET"]}}],"collection":[{"href":"https:\/\/www.university-press.fau.de\/en\/wp-json\/wp\/v2\/product"}],"about":[{"href":"https:\/\/www.university-press.fau.de\/en\/wp-json\/wp\/v2\/types\/product"}],"replies":[{"embeddable":true,"href":"https:\/\/www.university-press.fau.de\/en\/wp-json\/wp\/v2\/comments?post=862"}],"wp:featuredmedia":[{"embeddable":true,"href":"https:\/\/www.university-press.fau.de\/en\/wp-json\/wp\/v2\/media\/1323"}],"wp:attachment":[{"href":"https:\/\/www.university-press.fau.de\/en\/wp-json\/wp\/v2\/media?parent=862"}],"wp:term":[{"taxonomy":"product_brand","embeddable":true,"href":"https:\/\/www.university-press.fau.de\/en\/wp-json\/wp\/v2\/product_brand?post=862"},{"taxonomy":"product_cat","embeddable":true,"href":"https:\/\/www.university-press.fau.de\/en\/wp-json\/wp\/v2\/product_cat?post=862"},{"taxonomy":"product_tag","embeddable":true,"href":"https:\/\/www.university-press.fau.de\/en\/wp-json\/wp\/v2\/product_tag?post=862"}],"curies":[{"name":"wp","href":"https:\/\/api.w.org\/{rel}","templated":true}]}}