{"id":864,"date":"2022-10-04T16:51:56","date_gmt":"2022-10-04T14:51:56","guid":{"rendered":"https:\/\/www.university-press.fau.de\/?post_type=product&#038;p=864"},"modified":"2023-12-13T09:34:15","modified_gmt":"2023-12-13T08:34:15","slug":"978-3-96147-408-0","status":"publish","type":"product","link":"https:\/\/www.university-press.fau.de\/en\/product\/978-3-96147-408-0\/","title":{"rendered":"Was ist normal?"},"content":{"rendered":"<p>\u201eDas ist doch nicht normal\u201c \u2013 eine Redewendung, die auch vor der Seuche schon sprachliches und emotionales Alltagsrepertoire war. Aber was ist schon normal \u2013 jenseits dessen, was man selbst daf\u00fcr h\u00e4lt? Wie einigen wir uns \u00fcber Normalit\u00e4t, brauchen wir sie \u00fcberhaupt, und falls ja, weshalb, in welchem Rahmen und in welchen Grenzen? Ist nicht das Unnormale viel spannender als das Normale, und grenzt die Normalit\u00e4tsdebatte nicht Menschen und Dinge aus, die das nicht verdient haben? Muss es eine einzige Normalit\u00e4t geben, und wer legt sie fest? Eine Ann\u00e4herung an solche Fragen kann nur im Gespr\u00e4ch zwischen unterschiedlichen Wissenschaftsdisziplinen gelingen; eine jede hat ihre eigenen Blickwinkel, Methoden und Erkenntnisse.<\/p>\n<p>F\u00fcr die Atzelsberger Gespr\u00e4che konnten herausragende Expertinnen und Experten f\u00fcr Beitr\u00e4ge gewonnen werden, die uns profunde Einblicke in die Fragestellungen von Norm und Normabweichung verschafften, Scheingewissheiten als solche entlarvten und die oft \u00fcberraschende Dynamik im Verst\u00e4ndnis von Normalem und Unnormalem aufzeigten. Aida Bosch erschlie\u00dft aus soziologischer Sicht Debatten \u00fcber Gesellschaft im Wertewandel \u2013 ein dynamisches Verst\u00e4ndnis von Normalit\u00e4t \u2013 mit optimistischem Ausblick. Friedrich L\u00f6sel erhellt die sozialpsychologischen und kriminologischen Dimensionen des (Un)Normalen. Nadine Metzger verschafft Einblicke in die Diskussionen um die Suche der Medizin im 19. und fr\u00fchen 20. Jahrhundert nach dem \u201eNormk\u00f6rper\u201c \u2013 dabei wird die m\u00f6gliche Kehrseite der Normierung deutlich, n\u00e4mlich die Ausgrenzung des \u201eUnnormalen\u201c. Hans Dickel zeigt \u201eAnst\u00f6\u00dfiges\u201c anhand von vier Beispielen in der Kunst \u2013 Skandale, die auch den Ansto\u00df zu neuen Normalit\u00e4ten bilden k\u00f6nnen.<\/p>","protected":false},"excerpt":{"rendered":"<p>\u201eDas ist doch nicht normal\u201c \u2013 eine Redewendung, die auch vor der Seuche schon sprachliches und emotionales Alltagsrepertoire war. Aber was ist schon normal \u2013 jenseits dessen, was man selbst daf\u00fcr h\u00e4lt? Wie einigen wir uns \u00fcber Normalit\u00e4t, brauchen wir sie \u00fcberhaupt, und falls ja, weshalb, in welchem Rahmen und in welchen Grenzen? Ist nicht [&hellip;]<\/p>\n","protected":false},"featured_media":1276,"comment_status":"open","ping_status":"closed","template":"","meta":{"_acf_changed":false},"product_brand":[],"product_cat":[42,48],"product_tag":[],"class_list":{"0":"post-864","1":"product","2":"type-product","3":"status-publish","4":"has-post-thumbnail","6":"product_cat-atzelsberger-gespraeche","7":"product_cat-fau-forschungen-reihe-a-geisteswissenschaften","8":"has-post-title","9":"has-post-date","10":"has-post-category","11":"has-post-tag","12":"has-post-comment","13":"has-post-author","14":"","16":"first","17":"instock","18":"taxable","19":"shipping-taxable","20":"purchasable","21":"product-type-simple"},"acf":{"autor":"","orcid":"","ror":"","herausgeber":"Rohe, Mathias","orcid_hrsg":"","rorhrsg":"","bearbeiter":"","sonstige_beteiligte_personen":"","untertitel":"","zusatz":"","jahr":"2021","zeitschrift":"","serie":["ja"],"serie_name":"Atzelsberger Gespr\u00e4che","serie_band":"","serie_jahr":2019,"serie_titel_band":"","vortrage":"","issn":"","isbn":"","isbn13":"978-3-96147-408-0","seiten":"98","sonstiges":"","band":16,"auflage":"","opus":"","dspace":"16410","e-isbn_pdf":"978-3-96147-409-7","doi":"https:\/\/doi.org\/10.25593\/978-3-96147-409-7","epub":"","e-isbn_epub":"","doi_epub":"","html":"","e-isbn_html":"","doi_html":"","e-isbn_reader":"","doi_reader":"","digibib":"","urn":"urn:nbn:de:bvb:29-opus4-164101","supplementary_material":"","sprache":["Deutsch"],"ausgabe":"Softcover","suche":" 9783961474080 9783961474097  ","lizenz":"BY-4","bemerkung":""},"builder_content":"","_links":{"self":[{"href":"https:\/\/www.university-press.fau.de\/en\/wp-json\/wp\/v2\/product\/864","targetHints":{"allow":["GET"]}}],"collection":[{"href":"https:\/\/www.university-press.fau.de\/en\/wp-json\/wp\/v2\/product"}],"about":[{"href":"https:\/\/www.university-press.fau.de\/en\/wp-json\/wp\/v2\/types\/product"}],"replies":[{"embeddable":true,"href":"https:\/\/www.university-press.fau.de\/en\/wp-json\/wp\/v2\/comments?post=864"}],"wp:featuredmedia":[{"embeddable":true,"href":"https:\/\/www.university-press.fau.de\/en\/wp-json\/wp\/v2\/media\/1276"}],"wp:attachment":[{"href":"https:\/\/www.university-press.fau.de\/en\/wp-json\/wp\/v2\/media?parent=864"}],"wp:term":[{"taxonomy":"product_brand","embeddable":true,"href":"https:\/\/www.university-press.fau.de\/en\/wp-json\/wp\/v2\/product_brand?post=864"},{"taxonomy":"product_cat","embeddable":true,"href":"https:\/\/www.university-press.fau.de\/en\/wp-json\/wp\/v2\/product_cat?post=864"},{"taxonomy":"product_tag","embeddable":true,"href":"https:\/\/www.university-press.fau.de\/en\/wp-json\/wp\/v2\/product_tag?post=864"}],"curies":[{"name":"wp","href":"https:\/\/api.w.org\/{rel}","templated":true}]}}