{"id":867,"date":"2022-10-04T16:54:40","date_gmt":"2022-10-04T14:54:40","guid":{"rendered":"https:\/\/www.university-press.fau.de\/?post_type=product&#038;p=867"},"modified":"2024-10-18T10:21:41","modified_gmt":"2024-10-18T08:21:41","slug":"978-3-96147-423-3","status":"publish","type":"product","link":"https:\/\/www.university-press.fau.de\/en\/product\/978-3-96147-423-3\/","title":{"rendered":"Grenzen"},"content":{"rendered":"<p>Der Band pr\u00e4sentiert die Druckfassungen der Vortr\u00e4ge zum Thema \u201aGrenzen\u2018, die anl\u00e4sslich der Erlanger Universit\u00e4tstage vom 3. bis zum 31. M\u00e4rz 2020 in Amberg und vom 22. Oktober bis zum 26. November in Ansbach gehalten wurden. Neben der ausf\u00fchrlichen Einf\u00fchrung in das Rahmenthema finden sich hier die Beitr\u00e4ge, die die Erlanger Kolleginnen und Kollegen, Prof. Dr. Doris Feldmann, Prof. Dr. Kristina Giesel, Dr. Johannes F\u00fcrst, Prof. Dr. Christoph Ostgathe und Prof. Dr. J\u00f6rn Wilms zu \u201aGrenzen\u2018 in ihren jeweiligen Disziplinen gehalten haben: Aus den Perspektiven der englischen Kulturwissenschaft, der Theoretischen Physik, der Geographie, der Palliativmedizin und der Astrophysik gelang es den Wissenschaftlerinnen und Wissenschaftlern mit gro\u00dfem didaktischen Geschick, dem Thema neue spannende Aspekte abzugewinnen.<\/p>","protected":false},"excerpt":{"rendered":"<p>Der Band pr\u00e4sentiert die Druckfassungen der Vortr\u00e4ge zum Thema \u201aGrenzen\u2018, die anl\u00e4sslich der Erlanger Universit\u00e4tstage vom 3. bis zum 31. M\u00e4rz 2020 in Amberg und vom 22. Oktober bis zum 26. November in Ansbach gehalten wurden. Neben der ausf\u00fchrlichen Einf\u00fchrung in das Rahmenthema finden sich hier die Beitr\u00e4ge, die die Erlanger Kolleginnen und Kollegen, Prof. [&hellip;]<\/p>\n","protected":false},"featured_media":1324,"comment_status":"open","ping_status":"closed","template":"","meta":{"_acf_changed":false},"product_brand":[],"product_cat":[43,48],"product_tag":[],"class_list":{"0":"post-867","1":"product","2":"type-product","3":"status-publish","4":"has-post-thumbnail","6":"product_cat-erlanger-universitaetstage","7":"product_cat-fau-forschungen-reihe-a-geisteswissenschaften","8":"has-post-title","9":"has-post-date","10":"has-post-category","11":"has-post-tag","12":"has-post-comment","13":"has-post-author","14":"","16":"first","17":"instock","18":"taxable","19":"shipping-taxable","20":"purchasable","21":"product-type-simple"},"acf":{"autor":"","orcid":"","ror":"","herausgeber":"Freiburg, Rudolf","orcid_hrsg":"","rorhrsg":"","bearbeiter":"","sonstige_beteiligte_personen":"","untertitel":"","zusatz":"","jahr":"2021","zeitschrift":"","serie":["ja"],"serie_name":"Erlanger Universit\u00e4tstage","serie_band":"","serie_jahr":2020,"serie_titel_band":"","vortrage":["F\u00fcnf Vortr\u00e4ge"],"issn":"","isbn":"","isbn13":"978-3-96147-423-3","seiten":"195","sonstiges":"","band":17,"auflage":"","opus":"","dspace":"17031","e-isbn_pdf":"978-3-96147-424-0 ","doi":"https:\/\/doi.org\/10.25593\/978-3-96147-424-0","epub":"","e-isbn_epub":"","doi_epub":"","html":"","e-isbn_html":"","doi_html":"","e-isbn_reader":"","doi_reader":"","digibib":"","urn":"urn:nbn:de:bvb:29-opus4-170317","supplementary_material":"","sprache":["Deutsch"],"ausgabe":"Softcover","suche":" 9783961474233 9783961474240   ","lizenz":"BY-4","bemerkung":"1x Provinzialbibliothek Amberg (kostenfrei), 14.02.2024"},"builder_content":"","_links":{"self":[{"href":"https:\/\/www.university-press.fau.de\/en\/wp-json\/wp\/v2\/product\/867","targetHints":{"allow":["GET"]}}],"collection":[{"href":"https:\/\/www.university-press.fau.de\/en\/wp-json\/wp\/v2\/product"}],"about":[{"href":"https:\/\/www.university-press.fau.de\/en\/wp-json\/wp\/v2\/types\/product"}],"replies":[{"embeddable":true,"href":"https:\/\/www.university-press.fau.de\/en\/wp-json\/wp\/v2\/comments?post=867"}],"wp:featuredmedia":[{"embeddable":true,"href":"https:\/\/www.university-press.fau.de\/en\/wp-json\/wp\/v2\/media\/1324"}],"wp:attachment":[{"href":"https:\/\/www.university-press.fau.de\/en\/wp-json\/wp\/v2\/media?parent=867"}],"wp:term":[{"taxonomy":"product_brand","embeddable":true,"href":"https:\/\/www.university-press.fau.de\/en\/wp-json\/wp\/v2\/product_brand?post=867"},{"taxonomy":"product_cat","embeddable":true,"href":"https:\/\/www.university-press.fau.de\/en\/wp-json\/wp\/v2\/product_cat?post=867"},{"taxonomy":"product_tag","embeddable":true,"href":"https:\/\/www.university-press.fau.de\/en\/wp-json\/wp\/v2\/product_tag?post=867"}],"curies":[{"name":"wp","href":"https:\/\/api.w.org\/{rel}","templated":true}]}}