{"id":869,"date":"2022-10-04T17:00:39","date_gmt":"2022-10-04T15:00:39","guid":{"rendered":"https:\/\/www.university-press.fau.de\/?post_type=product&#038;p=869"},"modified":"2024-10-18T10:37:42","modified_gmt":"2024-10-18T08:37:42","slug":"978-3-96147-564-3","status":"publish","type":"product","link":"https:\/\/www.university-press.fau.de\/en\/product\/978-3-96147-564-3\/","title":{"rendered":"Ged\u00e4chtnis"},"content":{"rendered":"<p>This volume presents the printed versions of five lectures focussing on the issue of 'memory'. These lectures were held on the occasion of the Erlanger Universit\u00e4tstage from 23 February to 23 March 2021 in Amberg and from 21 October to 25 November 2021 in Ansbach. Five Erlangen scholars and scientists, Prof. Dr. Yesim Erim, PD Dr. Sven Grampp, Prof. Dr. Frieder R. Lang,  Dr. Michael Schwarz and PD Dr. Gerd Sebald, \u2013 representing the disciplines of Psychotherapy, Media Studies, Psychogerontology, Neuropsychology and Sociology \u2013 delivered enthralling lectures analysing diverse complex phenomena of 'memory' from their respective specialist perspectives. Despite the high intellectual standards of these papers they remain understandable to a wide audience.<\/p>","protected":false},"excerpt":{"rendered":"<p>Neben der ausf\u00fchrlichen Einf\u00fchrung in das Rahmenthema \u201aGed\u00e4chtnis\u2018 finden sich hier die Druckversionen der f\u00fcnf Vortr\u00e4ge, die die Erlanger Kolleginnen und Kollegen, Prof. Dr. Yesim Erim, PD. Dr. Sven Grampp, Prof. Dr. Frieder R. Lang, Dr. Michael Schwarz und PD Dr. Gerd Sebald im Rahmen der Erlanger Universit\u00e4tstage 2021 gehalten haben. Aus den Perspektiven der [&hellip;]<\/p>\n","protected":false},"featured_media":1325,"comment_status":"open","ping_status":"closed","template":"","meta":{"_acf_changed":false},"product_brand":[],"product_cat":[43,48],"product_tag":[],"class_list":{"0":"post-869","1":"product","2":"type-product","3":"status-publish","4":"has-post-thumbnail","6":"product_cat-erlanger-universitaetstage","7":"product_cat-fau-forschungen-reihe-a-geisteswissenschaften","8":"has-post-title","9":"has-post-date","10":"has-post-category","11":"has-post-tag","12":"has-post-comment","13":"has-post-author","14":"","16":"first","17":"instock","18":"taxable","19":"shipping-taxable","20":"purchasable","21":"product-type-simple"},"acf":{"autor":"","orcid":"","ror":"","herausgeber":"Freiburg, Rudolf","orcid_hrsg":"","rorhrsg":"","bearbeiter":"","sonstige_beteiligte_personen":"","untertitel":"","zusatz":"","jahr":"2022","zeitschrift":"","serie":["ja"],"serie_name":"Erlanger Universit\u00e4tstage","serie_band":"","serie_jahr":2021,"serie_titel_band":"","vortrage":["F\u00fcnf Vortr\u00e4ge"],"issn":"","isbn":"","isbn13":"978-3-96147-564-3","seiten":"187","sonstiges":"","band":18,"auflage":"","opus":"","dspace":"20158","e-isbn_pdf":"978-3-96147-565-0","doi":"https:\/\/doi.org\/10.25593\/978-3-96147-565-0","epub":"","e-isbn_epub":"","doi_epub":"","html":"","e-isbn_html":"","doi_html":"","e-isbn_reader":"","doi_reader":"","digibib":"","urn":"urn:nbn:de:bvb:29-opus4-201581","supplementary_material":"","sprache":["Deutsch"],"ausgabe":"Softcover","suche":" 9783961475643 9783961475650  ","lizenz":"BY-4","bemerkung":"1x Provinzialbibliothek Amberg (kostenfrei), 14.02.2024"},"builder_content":"","_links":{"self":[{"href":"https:\/\/www.university-press.fau.de\/en\/wp-json\/wp\/v2\/product\/869","targetHints":{"allow":["GET"]}}],"collection":[{"href":"https:\/\/www.university-press.fau.de\/en\/wp-json\/wp\/v2\/product"}],"about":[{"href":"https:\/\/www.university-press.fau.de\/en\/wp-json\/wp\/v2\/types\/product"}],"replies":[{"embeddable":true,"href":"https:\/\/www.university-press.fau.de\/en\/wp-json\/wp\/v2\/comments?post=869"}],"wp:featuredmedia":[{"embeddable":true,"href":"https:\/\/www.university-press.fau.de\/en\/wp-json\/wp\/v2\/media\/1325"}],"wp:attachment":[{"href":"https:\/\/www.university-press.fau.de\/en\/wp-json\/wp\/v2\/media?parent=869"}],"wp:term":[{"taxonomy":"product_brand","embeddable":true,"href":"https:\/\/www.university-press.fau.de\/en\/wp-json\/wp\/v2\/product_brand?post=869"},{"taxonomy":"product_cat","embeddable":true,"href":"https:\/\/www.university-press.fau.de\/en\/wp-json\/wp\/v2\/product_cat?post=869"},{"taxonomy":"product_tag","embeddable":true,"href":"https:\/\/www.university-press.fau.de\/en\/wp-json\/wp\/v2\/product_tag?post=869"}],"curies":[{"name":"wp","href":"https:\/\/api.w.org\/{rel}","templated":true}]}}