{"id":871,"date":"2022-10-04T17:05:02","date_gmt":"2022-10-04T15:05:02","guid":{"rendered":"https:\/\/www.university-press.fau.de\/?post_type=product&#038;p=871"},"modified":"2025-08-27T13:14:00","modified_gmt":"2025-08-27T11:14:00","slug":"978-3-944057-14-9","status":"publish","type":"product","link":"https:\/\/www.university-press.fau.de\/en\/product\/978-3-944057-14-9\/","title":{"rendered":"Early-Lumping Based Controller Synthesis for Linear Infinite-Dimensional Systems"},"content":{"rendered":"<p><span id=\"abstractFull_15467\" class=\"abstractFull\">Der Reglerentwurf f\u00fcr Systeme mit \u00f6rtlich verteilten Parametern wird in der Praxis h\u00e4ufig anhand eines Approximationsmodells durchgef\u00fchrt. Dabei kann sich die vernachl\u00e4ssigte Streckendynamik ung\u00fcnstig auf das Regelkreisverhalten auswirken. Diese Dissertation verfolgt das Ziel, jenem unerw\u00fcnschten Nebeneffekt in systematischer Weise entgegenzuwirken. Die vorgestellten Ma\u00dfnahmen f\u00fcr zeitkontinuierliche und zeitdiskrete Regelungen eignen sich besonders zur Erzielung niedriger Reglerordnungen. <\/span><\/p>\n<p>Die betrachtete Systemklasse umfasst eine Vielzahl linearer parabolischer, hyperbolischer und biharmonischer Systeme mit \u00f6rtlich verteilten Ein- und Ausg\u00e4ngen, sowie eine Klasse von Totzeitsystemen. Die Beschreibung dieser Systeme sowie des Regelkreisverhaltens erfolgt auf der Basis von Zustandsmodellen. Die eingesetzten Verfahren der Funktionalanalysis werden ausf\u00fchrlich erl\u00e4utert.<\/p>","protected":false},"excerpt":{"rendered":"<p>Der Reglerentwurf f\u00fcr Systeme mit \u00f6rtlich verteilten Parametern wird in der Praxis h\u00e4ufig anhand eines Approximationsmodells durchgef\u00fchrt. Dabei kann sich die vernachl\u00e4ssigte Streckendynamik ung\u00fcnstig auf das Regelkreisverhalten auswirken. Diese Dissertation verfolgt das Ziel, jenem unerw\u00fcnschten Nebeneffekt in systematischer Weise entgegenzuwirken. Die vorgestellten Ma\u00dfnahmen f\u00fcr zeitkontinuierliche und zeitdiskrete Regelungen eignen sich besonders zur Erzielung niedriger Reglerordnungen. [&hellip;]<\/p>\n","protected":false},"featured_media":1328,"comment_status":"open","ping_status":"closed","template":"","meta":{"_acf_changed":false},"product_brand":[],"product_cat":[49],"product_tag":[],"class_list":{"0":"post-871","1":"product","2":"type-product","3":"status-publish","4":"has-post-thumbnail","6":"product_cat-fau-forschungen-reihe-b-medizin-naturwissenschaft-technik","7":"has-post-title","8":"has-post-date","9":"has-post-category","10":"has-post-tag","11":"has-post-comment","12":"has-post-author","13":"","15":"first","16":"instock","17":"taxable","18":"shipping-taxable","19":"purchasable","20":"product-type-simple"},"acf":{"autor":"Harkort, Christian","orcid":"","ror":"","herausgeber":"","orcid_hrsg":"","rorhrsg":"","bearbeiter":"","sonstige_beteiligte_personen":"","untertitel":"","zusatz":"","jahr":"2014","zeitschrift":"","serie":"","serie_name":"","serie_band":"","serie_jahr":"","serie_titel_band":"","vortrage":"","issn":"","isbn":"","isbn13":"978-3-944057-14-9","seiten":"IX, 156 Seiten","sonstiges":"","band":1,"auflage":"","opus":"","dspace":"4821","e-isbn_pdf":"","doi":"","epub":"","e-isbn_epub":"","doi_epub":"","html":"","e-isbn_html":"","doi_html":"","e-isbn_reader":"","doi_reader":"","digibib":"","urn":"urn:nbn:de:bvb:29-opus4-48219","supplementary_material":"","sprache":["Englisch"],"ausgabe":"Softcover","suche":" 9783944057149   ","lizenz":"BY-NC-ND-3","bemerkung":""},"builder_content":"","_links":{"self":[{"href":"https:\/\/www.university-press.fau.de\/en\/wp-json\/wp\/v2\/product\/871","targetHints":{"allow":["GET"]}}],"collection":[{"href":"https:\/\/www.university-press.fau.de\/en\/wp-json\/wp\/v2\/product"}],"about":[{"href":"https:\/\/www.university-press.fau.de\/en\/wp-json\/wp\/v2\/types\/product"}],"replies":[{"embeddable":true,"href":"https:\/\/www.university-press.fau.de\/en\/wp-json\/wp\/v2\/comments?post=871"}],"wp:featuredmedia":[{"embeddable":true,"href":"https:\/\/www.university-press.fau.de\/en\/wp-json\/wp\/v2\/media\/1328"}],"wp:attachment":[{"href":"https:\/\/www.university-press.fau.de\/en\/wp-json\/wp\/v2\/media?parent=871"}],"wp:term":[{"taxonomy":"product_brand","embeddable":true,"href":"https:\/\/www.university-press.fau.de\/en\/wp-json\/wp\/v2\/product_brand?post=871"},{"taxonomy":"product_cat","embeddable":true,"href":"https:\/\/www.university-press.fau.de\/en\/wp-json\/wp\/v2\/product_cat?post=871"},{"taxonomy":"product_tag","embeddable":true,"href":"https:\/\/www.university-press.fau.de\/en\/wp-json\/wp\/v2\/product_tag?post=871"}],"curies":[{"name":"wp","href":"https:\/\/api.w.org\/{rel}","templated":true}]}}