{"id":880,"date":"2022-10-05T11:14:35","date_gmt":"2022-10-05T09:14:35","guid":{"rendered":"https:\/\/www.university-press.fau.de\/?post_type=product&#038;p=880"},"modified":"2025-08-27T12:55:38","modified_gmt":"2025-08-27T10:55:38","slug":"978-3-944057-34-7","status":"publish","type":"product","link":"https:\/\/www.university-press.fau.de\/en\/product\/978-3-944057-34-7\/","title":{"rendered":"Design, Synthesen und Charakterisierung von n-Typ-Metalloxidhalbleitern als Interfacematerialien f\u00fcr (opto)-elektronische Bauelemente"},"content":{"rendered":"<p>Over the past few years, there have been a large number of efforts on wetchemical synthesis of semiconductor metal oxide nanoparticles (MeOxNPs) and metal oxide precursor solutions (sMeOx) due to their decisive role in research and development of new materials and devices. The main goal of the novel synthetic routes is and remains the development of new synthesis strategies and production methods for MeOx NPs and sMeOx allowing one to precisely predict the composition, structure, size and opto\u2010electronic properties. In this regard in\u2010depth studies of synthesis and product characterizations are an important step towards more new technological applications.<\/p>\n<p>In the present work various sol\u2010gel techniques, which should help preparation and processing of undoped and doped n\u2010type metal oxide semiconductor materials (ZnO NPs, Zn1\u2010xAlxO NPs, Zn1\u2010xCoxO NPs, Zn1\u2010xNixO NPs, Al3+ doped ZnO (sAZO), TiO2 NPs, LixTi1\u2010xO2 NPs) in the nanometer range, are slightly modified and performed.\nIn order to find and to optimize a simple, cost\u2010effective, environmentally friendly and efficiently synthetic route the advantages and disadvantages of applied sol\u2010gel methods are in detail discussed and compared. Additionally, the reaction mechanisms which provide important and in\u2010depth insights in the formation of synthesized undoped and doped ZnO NPs, TiO2 NPs and sAZO are thoroughly analyzed.<\/p>\n<p>Using a wide range of characterization methods (UV\u2010Vis spectroscopy, XRD, SEM, TEM, FTIR spectroscopy, PL spectroscopy, Raman spectroscopy) and measurement techniques (Kelvin probe (WF), conductivity (\u03c3)), the structural, morphological and opto\u2010electronic properties of produced n\u2010type metal oxide semiconductors (ZnO NPs, Zn1\u2010xAlxO NPs, Zn1\u2010xCoxO NPs, Zn1\u2010xNixO NPs, Al3+ doped ZnO (sAZO), TiO2 NPs, LixTi1\u2010xO2 NPs) in both bulk and thin transparent films are investigated and tested. The aim of those investigations is to gain sufficient information concerning the integration of synthesized binary metal oxides (ZnO NPs, Zn1\u2010xAlxO NPs, Zn1\u2010xCoxO NPs, Zn1\u2010xNixO NPs, Al3+ doped ZnO (sAZO), TiO2 NPs, LixTi1\u2010xO2 NPs) as interface materials or as intermediate layers in inverted organic BHJ solar cells (ioBHJ).\nAccording to achieved experimental results, the produced interfacial layers via doctor blading based on synthesized n\u2010type\u2010metal oxide semiconductor nanomaterials (ZnO NPs, Zn1\u2010xAlxO NPs, Zn1\u2010xCoxO NPs, Zn1\u2010xNixO NPs, Al3+ doped ZnO (sAZO), TiO2 NPs, LixTi1\u2010xO2 NPs) can satisfy even the most requirements for interface layers. They possess large band gaps (Eg) and the transmission (%T) of all thin transparent films in the visible range is more than \u2265 85%. The differences in the measured work functions (WF) are also not so much. The compared conductivity (\u03c3) values confirmed that selected synthesis method and the applied coating technology can play an important role by producing thin interfacial metal oxide films with suitable physical and chemical properties.\n\nA direct comparison of synthesized (ZnO NPs, Zn1\u2010xAlxO NPs, Zn1\u2010xCoxO NPs, Zn1\u2010xNixO NPs, Al3+ doped ZnO (sAZO), TiO2 NPs, LixTi1\u2010xO2 NPs) as electron extraction layers or electron transport layers in ioBHJ solar cells provides that Al3+ doped ZnO precursor solutions (HT\u2010AZO or LT\u2010AZO) are in advantage towards particulate dispersions based on ZnO NPs. They have more compact and dense layers which include relatively good conductivity (\u03c3) and higher transmission (%T). By the variation of their layer thickness no perceptible influence on the performance of ioBHJ solar cells are observed, compared to interfacial layers based on ZnO NPs. In addition, it is determined that TiO2 NPs and LixTi1\u2010xO2 NPs interface layers allow the construction of reproducible and efficiently ioBHJ solar cells and therefore they prove to be a good alternative for replacement of interface layers based on ZnO NPs.\nHowever, development and fabrication of efficient ioBHJ solar cells require intensive stability tests. The most significant studies up to now focus on fundamental degradation mechanisms of organic semiconductors, but not on the degradation behavior of metal oxide interfacial layers (MeOx NPs, sMeOx). In this regard, the effect of temperature, adsorption of oxygen (O2), diffusion of moisture or moisture vapor and UV\u2010light on the optical and electrical properties of metal oxide thin films (HT\u2010AZO or LT\u2010AZO) by applying damp heat test and UV radiation test were investigated and correlated to device degradation. The achieved experimental results show that the optical properties like transmittance (%T) and band gap (Eg) are not influenced by damp heat test and UV radiation test.\nIt is recognized that the electrical properties of both HT\u2010 and LT\u2010AZO thin films, i.e. work function (WF) and conductivity (\u03c3) showed evident degradation upon damp heat exposure indicating the strong interaction between the metal oxide surface and the ambient conditions leading to the formation of a depletion layer. Accelerated device degradation under damp heat testing underlines the formation of a barrier or depletion layer at the interface, reducing VOC, JSC, and FF.<\/p>","protected":false},"excerpt":{"rendered":"<p>Metalloxide als transparente Leiter gewinnen immer mehr an Bedeutung bei der Entwicklung innovativer, ma\u00dfgeschneiderter und anwendungsorientierter L\u00f6sungen f\u00fcr viele zuk\u00fcnftige Schl\u00fcsseltechnologien, etwa im Bereich der Energieumwandlung (Photovoltaik), gedruckten organischen Nanoelektronik, neuen Beleuchtungssystemen und Oberfl\u00e4chenbeschichtungen (Touchscreens). Die folgende Dissertation behandelt die Durchf\u00fchrung und Optimierung der Syntheseverfahren von Metalloxid-basierten Nanomaterialien (MeOx) mit spezifischen Funktionalit\u00e4ten. Dazu schafft eine [&hellip;]<\/p>\n","protected":false},"featured_media":1331,"comment_status":"open","ping_status":"closed","template":"","meta":{"_acf_changed":false},"product_brand":[],"product_cat":[49],"product_tag":[],"class_list":{"0":"post-880","1":"product","2":"type-product","3":"status-publish","4":"has-post-thumbnail","6":"product_cat-fau-forschungen-reihe-b-medizin-naturwissenschaft-technik","7":"has-post-title","8":"has-post-date","9":"has-post-category","10":"has-post-tag","11":"has-post-comment","12":"has-post-author","13":"","15":"first","16":"instock","17":"taxable","18":"shipping-taxable","19":"purchasable","20":"product-type-simple"},"acf":{"autor":"Litzov, Ivan Atanasov","orcid":"","ror":"","herausgeber":"","orcid_hrsg":"","rorhrsg":"","bearbeiter":"","sonstige_beteiligte_personen":"","untertitel":"","zusatz":"","jahr":"2015","zeitschrift":"","serie":"","serie_name":"","serie_band":"","serie_jahr":"","serie_titel_band":"","vortrage":"","issn":"","isbn":"","isbn13":"978-3-944057-34-7","seiten":"XVI, 190","sonstiges":"","band":4,"auflage":"","opus":"","dspace":"6453","e-isbn_pdf":"","doi":"","epub":"","e-isbn_epub":"","doi_epub":"","html":"","e-isbn_html":"","doi_html":"","e-isbn_reader":"","doi_reader":"","digibib":"","urn":"urn:nbn:de:bvb:29-opus4-64537","supplementary_material":"","sprache":["Deutsch"],"ausgabe":"Softcover","suche":" 9783944057347   ","lizenz":"BY-NC-ND-3","bemerkung":""},"builder_content":"","_links":{"self":[{"href":"https:\/\/www.university-press.fau.de\/en\/wp-json\/wp\/v2\/product\/880","targetHints":{"allow":["GET"]}}],"collection":[{"href":"https:\/\/www.university-press.fau.de\/en\/wp-json\/wp\/v2\/product"}],"about":[{"href":"https:\/\/www.university-press.fau.de\/en\/wp-json\/wp\/v2\/types\/product"}],"replies":[{"embeddable":true,"href":"https:\/\/www.university-press.fau.de\/en\/wp-json\/wp\/v2\/comments?post=880"}],"wp:featuredmedia":[{"embeddable":true,"href":"https:\/\/www.university-press.fau.de\/en\/wp-json\/wp\/v2\/media\/1331"}],"wp:attachment":[{"href":"https:\/\/www.university-press.fau.de\/en\/wp-json\/wp\/v2\/media?parent=880"}],"wp:term":[{"taxonomy":"product_brand","embeddable":true,"href":"https:\/\/www.university-press.fau.de\/en\/wp-json\/wp\/v2\/product_brand?post=880"},{"taxonomy":"product_cat","embeddable":true,"href":"https:\/\/www.university-press.fau.de\/en\/wp-json\/wp\/v2\/product_cat?post=880"},{"taxonomy":"product_tag","embeddable":true,"href":"https:\/\/www.university-press.fau.de\/en\/wp-json\/wp\/v2\/product_tag?post=880"}],"curies":[{"name":"wp","href":"https:\/\/api.w.org\/{rel}","templated":true}]}}